{"id":13793,"date":"2017-05-31T16:45:23","date_gmt":"2017-05-31T16:45:23","guid":{"rendered":"http:\/\/produktkatalog.pink-es.de\/produkt\/db-q-sub-line-array-cabinet"},"modified":"2023-03-21T13:33:33","modified_gmt":"2023-03-21T13:33:33","slug":"db-q-sub-line-array-cabinet","status":"publish","type":"product","link":"https:\/\/www.pink-event-service.de\/Mietkatalog\/produkt\/db-q-sub-line-array-cabinet","title":{"rendered":"d&#038;b Q-Sub Line Array Cabinet"},"content":{"rendered":"<p>Subwoofer f\u00fcr den Betrieb mit spezifischer Controller\/Verst\u00e4rker-Einheit. Best\u00fcckung: Ein 18&#8243;-Lautsprecher in einem Bassreflexgeh\u00e4use.<\/p>\n","protected":false},"excerpt":{"rendered":"<p>Subwoofer f\u00fcr den Betrieb mit spezifischer Controller\/Verst\u00e4rker-Einheit. Best\u00fcckung: Ein 18&#8243;-Lautsprecher in einem Bassreflexgeh\u00e4use.<\/p>\n","protected":false},"featured_media":13671,"template":"","meta":[],"product_brand":[],"product_cat":[285,284],"product_tag":[],"class_list":{"0":"post-13793","1":"product","2":"type-product","3":"status-publish","4":"has-post-thumbnail","6":"product_cat-pa-monitore","7":"product_cat-ton","9":"first","10":"instock","11":"shipping-taxable","12":"purchasable","13":"product-type-simple"},"_links":{"self":[{"href":"https:\/\/www.pink-event-service.de\/Mietkatalog\/wp-json\/wp\/v2\/product\/13793","targetHints":{"allow":["GET"]}}],"collection":[{"href":"https:\/\/www.pink-event-service.de\/Mietkatalog\/wp-json\/wp\/v2\/product"}],"about":[{"href":"https:\/\/www.pink-event-service.de\/Mietkatalog\/wp-json\/wp\/v2\/types\/product"}],"wp:featuredmedia":[{"embeddable":true,"href":"https:\/\/www.pink-event-service.de\/Mietkatalog\/wp-json\/wp\/v2\/media\/13671"}],"wp:attachment":[{"href":"https:\/\/www.pink-event-service.de\/Mietkatalog\/wp-json\/wp\/v2\/media?parent=13793"}],"wp:term":[{"taxonomy":"product_brand","embeddable":true,"href":"https:\/\/www.pink-event-service.de\/Mietkatalog\/wp-json\/wp\/v2\/product_brand?post=13793"},{"taxonomy":"product_cat","embeddable":true,"href":"https:\/\/www.pink-event-service.de\/Mietkatalog\/wp-json\/wp\/v2\/product_cat?post=13793"},{"taxonomy":"product_tag","embeddable":true,"href":"https:\/\/www.pink-event-service.de\/Mietkatalog\/wp-json\/wp\/v2\/product_tag?post=13793"}],"curies":[{"name":"wp","href":"https:\/\/api.w.org\/{rel}","templated":true}]}}