{"id":13806,"date":"2017-05-31T16:45:28","date_gmt":"2017-05-31T16:45:28","guid":{"rendered":"http:\/\/produktkatalog.pink-es.de\/produkt\/schwenkbuegel-fuer-db-t-serie"},"modified":"2023-03-21T13:54:01","modified_gmt":"2023-03-21T13:54:01","slug":"schwenkbuegel-fuer-db-t-serie","status":"publish","type":"product","link":"https:\/\/www.pink-event-service.de\/Mietkatalog\/produkt\/schwenkbuegel-fuer-db-t-serie","title":{"rendered":"Schwenkb\u00fcgel f\u00fcr d&#038;b T-Serie"},"content":{"rendered":"<p>Schwenkb\u00fcgel zur Installation der D&amp;B T-Serie<\/p>\n","protected":false},"excerpt":{"rendered":"<p>Schwenkb\u00fcgel zur Installation der D&amp;B T-Serie<\/p>\n","protected":false},"featured_media":13673,"template":"","meta":[],"product_brand":[],"product_cat":[285,284],"product_tag":[],"class_list":{"0":"post-13806","1":"product","2":"type-product","3":"status-publish","4":"has-post-thumbnail","6":"product_cat-pa-monitore","7":"product_cat-ton","9":"first","10":"instock","11":"shipping-taxable","12":"purchasable","13":"product-type-simple"},"_links":{"self":[{"href":"https:\/\/www.pink-event-service.de\/Mietkatalog\/wp-json\/wp\/v2\/product\/13806","targetHints":{"allow":["GET"]}}],"collection":[{"href":"https:\/\/www.pink-event-service.de\/Mietkatalog\/wp-json\/wp\/v2\/product"}],"about":[{"href":"https:\/\/www.pink-event-service.de\/Mietkatalog\/wp-json\/wp\/v2\/types\/product"}],"wp:featuredmedia":[{"embeddable":true,"href":"https:\/\/www.pink-event-service.de\/Mietkatalog\/wp-json\/wp\/v2\/media\/13673"}],"wp:attachment":[{"href":"https:\/\/www.pink-event-service.de\/Mietkatalog\/wp-json\/wp\/v2\/media?parent=13806"}],"wp:term":[{"taxonomy":"product_brand","embeddable":true,"href":"https:\/\/www.pink-event-service.de\/Mietkatalog\/wp-json\/wp\/v2\/product_brand?post=13806"},{"taxonomy":"product_cat","embeddable":true,"href":"https:\/\/www.pink-event-service.de\/Mietkatalog\/wp-json\/wp\/v2\/product_cat?post=13806"},{"taxonomy":"product_tag","embeddable":true,"href":"https:\/\/www.pink-event-service.de\/Mietkatalog\/wp-json\/wp\/v2\/product_tag?post=13806"}],"curies":[{"name":"wp","href":"https:\/\/api.w.org\/{rel}","templated":true}]}}