{"id":13809,"date":"2017-05-31T16:45:29","date_gmt":"2017-05-31T16:45:29","guid":{"rendered":"http:\/\/produktkatalog.pink-es.de\/produkt\/db-d80-endstufe"},"modified":"2023-03-20T11:09:35","modified_gmt":"2023-03-20T11:09:35","slug":"db-d80-endstufe","status":"publish","type":"product","link":"https:\/\/www.pink-event-service.de\/Mietkatalog\/produkt\/db-d80-endstufe","title":{"rendered":"d&#038;b D80 Endstufe"},"content":{"rendered":"<p>4-kanalige Controller\/Verst\u00e4rker-Einheit mit graphischer Benutzeroberfl\u00e4che per TFT-Farbdisplay mit Touchfunktion zur visuellen Information und schnellen Zugriff auf alle Ger\u00e4teeinstellungen sowie zus\u00e4tzlichem Drehencoder mit Tastfunktion (Inkrementalgeber) zur Dateneingabe. Umfasst Schaltnetzteil mit automatischer Bereichsumschaltung f\u00fcr 220 &#8211; 240 V?AC und 100 &#8211; 120 V?AC, 50 &#8211; 60 Hz; Einschaltstrombegrenzung und Schutzschaltung f\u00fcr Netz\u00fcberspannung mit Spannungsfestigkeit 400 V; Leistungsverst\u00e4rker mit einer Nennleistung von 4000 W je Kanal an 4 ?, 2000 W an 8 ?; Digitaler Controller (DSP) f\u00fcr die komplette NF-Signalverarbeitung mit w\u00e4hlbaren Controller-Setups f\u00fcr alle aktuellen d&amp;b Lautsprecher; Schnittstellen (RJ 45) f\u00fcr den Anschluss an Computer-Systemeinheiten (CAN-Bus, OCA) zur Verst\u00e4rker\u00fcberwachung und \u0096steuerung.<\/p>\n","protected":false},"excerpt":{"rendered":"<p>4-kanalige Controller\/Verst\u00e4rker-Einheit mit graphischer Benutzeroberfl\u00e4che per TFT-Farbdisplay mit Touchfunktion zur visuellen Information und schnellen Zugriff auf alle Ger\u00e4teeinstellungen sowie zus\u00e4tzlichem Drehencoder mit Tastfunktion (Inkrementalgeber) zur Dateneingabe. Umfasst Schaltnetzteil mit automatischer Bereichsumschaltung f\u00fcr 220 &#8211; 240 V?AC und 100 &#8211; 120 V?AC, 50 &#8211; 60 Hz; Einschaltstrombegrenzung und Schutzschaltung f\u00fcr Netz\u00fcberspannung mit Spannungsfestigkeit 400 V; Leistungsverst\u00e4rker [&hellip;]<\/p>\n","protected":false},"featured_media":13460,"template":"","meta":[],"product_brand":[],"product_cat":[286,284],"product_tag":[],"class_list":{"0":"post-13809","1":"product","2":"type-product","3":"status-publish","4":"has-post-thumbnail","6":"product_cat-endstufen","7":"product_cat-ton","9":"first","10":"instock","11":"shipping-taxable","12":"purchasable","13":"product-type-simple"},"_links":{"self":[{"href":"https:\/\/www.pink-event-service.de\/Mietkatalog\/wp-json\/wp\/v2\/product\/13809","targetHints":{"allow":["GET"]}}],"collection":[{"href":"https:\/\/www.pink-event-service.de\/Mietkatalog\/wp-json\/wp\/v2\/product"}],"about":[{"href":"https:\/\/www.pink-event-service.de\/Mietkatalog\/wp-json\/wp\/v2\/types\/product"}],"wp:featuredmedia":[{"embeddable":true,"href":"https:\/\/www.pink-event-service.de\/Mietkatalog\/wp-json\/wp\/v2\/media\/13460"}],"wp:attachment":[{"href":"https:\/\/www.pink-event-service.de\/Mietkatalog\/wp-json\/wp\/v2\/media?parent=13809"}],"wp:term":[{"taxonomy":"product_brand","embeddable":true,"href":"https:\/\/www.pink-event-service.de\/Mietkatalog\/wp-json\/wp\/v2\/product_brand?post=13809"},{"taxonomy":"product_cat","embeddable":true,"href":"https:\/\/www.pink-event-service.de\/Mietkatalog\/wp-json\/wp\/v2\/product_cat?post=13809"},{"taxonomy":"product_tag","embeddable":true,"href":"https:\/\/www.pink-event-service.de\/Mietkatalog\/wp-json\/wp\/v2\/product_tag?post=13809"}],"curies":[{"name":"wp","href":"https:\/\/api.w.org\/{rel}","templated":true}]}}