{"id":13813,"date":"2017-05-31T16:45:30","date_gmt":"2017-05-31T16:45:30","guid":{"rendered":"http:\/\/produktkatalog.pink-es.de\/produkt\/amp-lab-ipd2400"},"modified":"2023-03-20T12:24:28","modified_gmt":"2023-03-20T12:24:28","slug":"amp-lab-ipd2400","status":"publish","type":"product","link":"https:\/\/www.pink-event-service.de\/Mietkatalog\/produkt\/amp-lab-ipd2400","title":{"rendered":"Amp LAB IPD2400"},"content":{"rendered":"<p>Mit einer Leistung von 2 x 1200 W an 4 Ohm bietet der IPD 2400 zuverl\u00e4ssige Power und Performance auf 1 HE. Das Herzst\u00fcck der IPD-Plattform ist eine DSP-Engine der neuesten Generation, die mit bis zu 40 parametrischen Echtzeit-EQs mit mehreren Regelbereichen, einstellbarer Verst\u00e4rkung, Eingangs- und Ausgangsverz\u00f6gerung sowie Hoch- und Tiefpassfiltern ausgestattet ist, die auf jede Frequenz eingestellt werden k\u00f6nnen.<\/p>\n<p>&nbsp;<\/p>\n","protected":false},"excerpt":{"rendered":"<p>Mit einer Leistung von 2 x 1200 W an 4 Ohm bietet der IPD 2400 zuverl\u00e4ssige Power und Performance auf 1 HE. Das Herzst\u00fcck der IPD-Plattform ist eine DSP-Engine der neuesten Generation, die mit bis zu 40 parametrischen Echtzeit-EQs mit mehreren Regelbereichen, einstellbarer Verst\u00e4rkung, Eingangs- und Ausgangsverz\u00f6gerung sowie Hoch- und Tiefpassfiltern ausgestattet ist, die auf [&hellip;]<\/p>\n","protected":false},"featured_media":13463,"template":"","meta":[],"product_brand":[],"product_cat":[286,284],"product_tag":[],"class_list":{"0":"post-13813","1":"product","2":"type-product","3":"status-publish","4":"has-post-thumbnail","6":"product_cat-endstufen","7":"product_cat-ton","9":"first","10":"instock","11":"shipping-taxable","12":"purchasable","13":"product-type-simple"},"_links":{"self":[{"href":"https:\/\/www.pink-event-service.de\/Mietkatalog\/wp-json\/wp\/v2\/product\/13813","targetHints":{"allow":["GET"]}}],"collection":[{"href":"https:\/\/www.pink-event-service.de\/Mietkatalog\/wp-json\/wp\/v2\/product"}],"about":[{"href":"https:\/\/www.pink-event-service.de\/Mietkatalog\/wp-json\/wp\/v2\/types\/product"}],"wp:featuredmedia":[{"embeddable":true,"href":"https:\/\/www.pink-event-service.de\/Mietkatalog\/wp-json\/wp\/v2\/media\/13463"}],"wp:attachment":[{"href":"https:\/\/www.pink-event-service.de\/Mietkatalog\/wp-json\/wp\/v2\/media?parent=13813"}],"wp:term":[{"taxonomy":"product_brand","embeddable":true,"href":"https:\/\/www.pink-event-service.de\/Mietkatalog\/wp-json\/wp\/v2\/product_brand?post=13813"},{"taxonomy":"product_cat","embeddable":true,"href":"https:\/\/www.pink-event-service.de\/Mietkatalog\/wp-json\/wp\/v2\/product_cat?post=13813"},{"taxonomy":"product_tag","embeddable":true,"href":"https:\/\/www.pink-event-service.de\/Mietkatalog\/wp-json\/wp\/v2\/product_tag?post=13813"}],"curies":[{"name":"wp","href":"https:\/\/api.w.org\/{rel}","templated":true}]}}