{"id":13817,"date":"2017-05-31T16:45:32","date_gmt":"2017-05-31T16:45:32","guid":{"rendered":"http:\/\/produktkatalog.pink-es.de\/produkt\/amp-crest-8001"},"modified":"2023-03-20T12:38:28","modified_gmt":"2023-03-20T12:38:28","slug":"amp-crest-8001","status":"publish","type":"product","link":"https:\/\/www.pink-event-service.de\/Mietkatalog\/produkt\/amp-crest-8001","title":{"rendered":"Amp Crest 8001"},"content":{"rendered":"<p>Der Crest Audio 8001 Leistungsverst\u00e4rker ist ein kompakter, extrem leistungsstarker Verst\u00e4rker, der f\u00fcr die strengsten Anforderungen des professionellen Einsatzes bei Konzerttourneen, hochwertigen Beschallungen und professionellen Festinstallationen entwickelt wurde. Der 8001 ist ein Verst\u00e4rker f\u00fcr drei Racks, der die K\u00fchlk\u00f6rper der Kan\u00e4le, die in einer R\u00fccken-an-R\u00fccken-Tunnelkonfiguration montiert sind, mit Zwangsluft k\u00fchlt. Die Betriebsarten Stereo, Parallel und gebr\u00fccktes Mono k\u00f6nnen mit einem Moduswahlschalter auf der R\u00fcckseite gew\u00e4hlt werden. F\u00fcr jeden Kanal stehen aktiv symmetrische XLR-Eingangsanschl\u00fcsse und 5-polige Ausgangsbuchsen zur Verf\u00fcgung. Der 8001 ist voll kompatibel mit den anderen Verst\u00e4rkern der Professional Series, dem Oktalbuchsen-Zubeh\u00f6r und dem computergesteuerten NexSys\u00ae-Audiosystem.<\/p>\n<p>&nbsp;<\/p>\n","protected":false},"excerpt":{"rendered":"<p>Der Crest Audio 8001 Leistungsverst\u00e4rker ist ein kompakter, extrem leistungsstarker Verst\u00e4rker, der f\u00fcr die strengsten Anforderungen des professionellen Einsatzes bei Konzerttourneen, hochwertigen Beschallungen und professionellen Festinstallationen entwickelt wurde. Der 8001 ist ein Verst\u00e4rker f\u00fcr drei Racks, der die K\u00fchlk\u00f6rper der Kan\u00e4le, die in einer R\u00fccken-an-R\u00fccken-Tunnelkonfiguration montiert sind, mit Zwangsluft k\u00fchlt. Die Betriebsarten Stereo, Parallel und [&hellip;]<\/p>\n","protected":false},"featured_media":14903,"template":"","meta":[],"product_brand":[],"product_cat":[286,284],"product_tag":[],"class_list":{"0":"post-13817","1":"product","2":"type-product","3":"status-publish","4":"has-post-thumbnail","6":"product_cat-endstufen","7":"product_cat-ton","9":"first","10":"instock","11":"shipping-taxable","12":"purchasable","13":"product-type-simple"},"_links":{"self":[{"href":"https:\/\/www.pink-event-service.de\/Mietkatalog\/wp-json\/wp\/v2\/product\/13817","targetHints":{"allow":["GET"]}}],"collection":[{"href":"https:\/\/www.pink-event-service.de\/Mietkatalog\/wp-json\/wp\/v2\/product"}],"about":[{"href":"https:\/\/www.pink-event-service.de\/Mietkatalog\/wp-json\/wp\/v2\/types\/product"}],"wp:featuredmedia":[{"embeddable":true,"href":"https:\/\/www.pink-event-service.de\/Mietkatalog\/wp-json\/wp\/v2\/media\/14903"}],"wp:attachment":[{"href":"https:\/\/www.pink-event-service.de\/Mietkatalog\/wp-json\/wp\/v2\/media?parent=13817"}],"wp:term":[{"taxonomy":"product_brand","embeddable":true,"href":"https:\/\/www.pink-event-service.de\/Mietkatalog\/wp-json\/wp\/v2\/product_brand?post=13817"},{"taxonomy":"product_cat","embeddable":true,"href":"https:\/\/www.pink-event-service.de\/Mietkatalog\/wp-json\/wp\/v2\/product_cat?post=13817"},{"taxonomy":"product_tag","embeddable":true,"href":"https:\/\/www.pink-event-service.de\/Mietkatalog\/wp-json\/wp\/v2\/product_tag?post=13817"}],"curies":[{"name":"wp","href":"https:\/\/api.w.org\/{rel}","templated":true}]}}