{"id":13827,"date":"2017-05-31T16:45:35","date_gmt":"2017-05-31T16:45:35","guid":{"rendered":"http:\/\/produktkatalog.pink-es.de\/produkt\/mischpult-yamaha-01v96-digital"},"modified":"2023-03-21T10:13:54","modified_gmt":"2023-03-21T10:13:54","slug":"mischpult-yamaha-01v96-digital","status":"publish","type":"product","link":"https:\/\/www.pink-event-service.de\/Mietkatalog\/produkt\/mischpult-yamaha-01v96-digital","title":{"rendered":"Yamaha 01V96 Digital"},"content":{"rendered":"<p>Manchmal passt einfach alles zusammen, und wenn es darum geht, solch k\u00fcnstlerische H\u00f6hepunkte festzuhalten, wom\u00f6glich in feinstem 96-kHz-Sound, bietet sich das neue 01V96 an. Die Konsole hat sich bei Aufnahmen und Liveveranstaltungen ebenso bew\u00e4hrt wie bei B\u00fchnenproduktionen und Festinstallationen. Die aktuelle Generation 01V96 gl\u00e4nzt mit hochmodernen Ausstattungsmerkmalen, zu denen USB-Audiostreaming (16 Ein- und Ausg\u00e4nge bei beachtlichen 96 kHz), die neueste Version von Steinbergs Cubase AI, ein komplettes Paket VCM-Effekte (Virtual Circuitry Modeling) und verbesserte Preamps in kompromissloser Studioqualit\u00e4t geh\u00f6ren.<\/p>\n","protected":false},"excerpt":{"rendered":"<p>Manchmal passt einfach alles zusammen, und wenn es darum geht, solch k\u00fcnstlerische H\u00f6hepunkte festzuhalten, wom\u00f6glich in feinstem 96-kHz-Sound, bietet sich das neue 01V96 an. Die Konsole hat sich bei Aufnahmen und Liveveranstaltungen ebenso bew\u00e4hrt wie bei B\u00fchnenproduktionen und Festinstallationen. Die aktuelle Generation 01V96 gl\u00e4nzt mit hochmodernen Ausstattungsmerkmalen, zu denen USB-Audiostreaming (16 Ein- und Ausg\u00e4nge bei [&hellip;]<\/p>\n","protected":false},"featured_media":14453,"template":"","meta":[],"product_brand":[],"product_cat":[287,284],"product_tag":[],"class_list":{"0":"post-13827","1":"product","2":"type-product","3":"status-publish","4":"has-post-thumbnail","6":"product_cat-mischpulte","7":"product_cat-ton","9":"first","10":"instock","11":"shipping-taxable","12":"purchasable","13":"product-type-simple"},"_links":{"self":[{"href":"https:\/\/www.pink-event-service.de\/Mietkatalog\/wp-json\/wp\/v2\/product\/13827","targetHints":{"allow":["GET"]}}],"collection":[{"href":"https:\/\/www.pink-event-service.de\/Mietkatalog\/wp-json\/wp\/v2\/product"}],"about":[{"href":"https:\/\/www.pink-event-service.de\/Mietkatalog\/wp-json\/wp\/v2\/types\/product"}],"wp:featuredmedia":[{"embeddable":true,"href":"https:\/\/www.pink-event-service.de\/Mietkatalog\/wp-json\/wp\/v2\/media\/14453"}],"wp:attachment":[{"href":"https:\/\/www.pink-event-service.de\/Mietkatalog\/wp-json\/wp\/v2\/media?parent=13827"}],"wp:term":[{"taxonomy":"product_brand","embeddable":true,"href":"https:\/\/www.pink-event-service.de\/Mietkatalog\/wp-json\/wp\/v2\/product_brand?post=13827"},{"taxonomy":"product_cat","embeddable":true,"href":"https:\/\/www.pink-event-service.de\/Mietkatalog\/wp-json\/wp\/v2\/product_cat?post=13827"},{"taxonomy":"product_tag","embeddable":true,"href":"https:\/\/www.pink-event-service.de\/Mietkatalog\/wp-json\/wp\/v2\/product_tag?post=13827"}],"curies":[{"name":"wp","href":"https:\/\/api.w.org\/{rel}","templated":true}]}}