{"id":13833,"date":"2017-05-31T16:45:37","date_gmt":"2017-05-31T16:45:37","guid":{"rendered":"http:\/\/produktkatalog.pink-es.de\/produkt\/aufsplissung-foh-20-ch-6m"},"modified":"2023-05-23T14:14:28","modified_gmt":"2023-05-23T14:14:28","slug":"aufsplissung-foh-20-ch-6m","status":"publish","type":"product","link":"https:\/\/www.pink-event-service.de\/Mietkatalog\/produkt\/aufsplissung-foh-20-ch-6m","title":{"rendered":"Aufsplissung MaDi-Rack FOH 20 CH (6m)"},"content":{"rendered":"<p>Multicore Aufl\u00f6sung f\u00fcr den FoH Platz mit 20 Kan\u00e4len und 6m L\u00e4nge<\/p>\n","protected":false},"excerpt":{"rendered":"<p>Multicore Aufl\u00f6sung f\u00fcr den FoH Platz mit 20 Kan\u00e4len und 6m L\u00e4nge<\/p>\n","protected":false},"featured_media":14688,"template":"","meta":[],"product_brand":[],"product_cat":[296,284],"product_tag":[],"class_list":{"0":"post-13833","1":"product","2":"type-product","3":"status-publish","4":"has-post-thumbnail","6":"product_cat-kabel-ton","7":"product_cat-ton","9":"first","10":"instock","11":"shipping-taxable","12":"purchasable","13":"product-type-simple"},"_links":{"self":[{"href":"https:\/\/www.pink-event-service.de\/Mietkatalog\/wp-json\/wp\/v2\/product\/13833","targetHints":{"allow":["GET"]}}],"collection":[{"href":"https:\/\/www.pink-event-service.de\/Mietkatalog\/wp-json\/wp\/v2\/product"}],"about":[{"href":"https:\/\/www.pink-event-service.de\/Mietkatalog\/wp-json\/wp\/v2\/types\/product"}],"wp:featuredmedia":[{"embeddable":true,"href":"https:\/\/www.pink-event-service.de\/Mietkatalog\/wp-json\/wp\/v2\/media\/14688"}],"wp:attachment":[{"href":"https:\/\/www.pink-event-service.de\/Mietkatalog\/wp-json\/wp\/v2\/media?parent=13833"}],"wp:term":[{"taxonomy":"product_brand","embeddable":true,"href":"https:\/\/www.pink-event-service.de\/Mietkatalog\/wp-json\/wp\/v2\/product_brand?post=13833"},{"taxonomy":"product_cat","embeddable":true,"href":"https:\/\/www.pink-event-service.de\/Mietkatalog\/wp-json\/wp\/v2\/product_cat?post=13833"},{"taxonomy":"product_tag","embeddable":true,"href":"https:\/\/www.pink-event-service.de\/Mietkatalog\/wp-json\/wp\/v2\/product_tag?post=13833"}],"curies":[{"name":"wp","href":"https:\/\/api.w.org\/{rel}","templated":true}]}}