{"id":13847,"date":"2017-05-31T16:45:42","date_gmt":"2017-05-31T16:45:42","guid":{"rendered":"http:\/\/produktkatalog.pink-es.de\/produkt\/midi-controller-bcf-2000"},"modified":"2023-05-30T14:18:19","modified_gmt":"2023-05-30T14:18:19","slug":"midi-controller-bcf-2000","status":"publish","type":"product","link":"https:\/\/www.pink-event-service.de\/Mietkatalog\/produkt\/midi-controller-bcf-2000","title":{"rendered":"Midi Controller BCF 2000"},"content":{"rendered":"<p>USB Midi Kontroller zur Steuerung von Computerfunktionen mit Fadern und Tastern frei belegbar gro\u00df<\/p>\n<ul>\n<li>8x 100-mm Motor-Fader<\/li>\n<li>8 Dual-Mode Encodern mit LED-Kranz und Push-Funktion<\/li>\n<li>4 Encoder-Gruppen<\/li>\n<li>20 beleuchtete frei zuweisbare Taster Learn-Modus frei zuweisbare Fu\u00dfschalter- und Schwelleranschl\u00fcsse<\/li>\n<li>32 Speicherpl\u00e4tze f\u00fcr Anwender-Presets<\/li>\n<li>USB\/MIDI-Interface (1xIN\/2xOut)<\/li>\n<li>vierstelliges LED-Display<\/li>\n<\/ul>\n","protected":false},"excerpt":{"rendered":"<p>USB Midi Kontroller zur Steuerung von Computerfunktionen mit Fadern und Tastern frei belegbar gro\u00df 8x 100-mm Motor-Fader 8 Dual-Mode Encodern mit LED-Kranz und Push-Funktion 4 Encoder-Gruppen 20 beleuchtete frei zuweisbare Taster Learn-Modus frei zuweisbare Fu\u00dfschalter- und Schwelleranschl\u00fcsse 32 Speicherpl\u00e4tze f\u00fcr Anwender-Presets USB\/MIDI-Interface (1xIN\/2xOut) vierstelliges LED-Display<\/p>\n","protected":false},"featured_media":13657,"template":"","meta":[],"product_brand":[],"product_cat":[288,284],"product_tag":[],"class_list":{"0":"post-13847","1":"product","2":"type-product","3":"status-publish","4":"has-post-thumbnail","6":"product_cat-outboard-beschallung","7":"product_cat-ton","9":"first","10":"instock","11":"shipping-taxable","12":"purchasable","13":"product-type-simple"},"_links":{"self":[{"href":"https:\/\/www.pink-event-service.de\/Mietkatalog\/wp-json\/wp\/v2\/product\/13847","targetHints":{"allow":["GET"]}}],"collection":[{"href":"https:\/\/www.pink-event-service.de\/Mietkatalog\/wp-json\/wp\/v2\/product"}],"about":[{"href":"https:\/\/www.pink-event-service.de\/Mietkatalog\/wp-json\/wp\/v2\/types\/product"}],"wp:featuredmedia":[{"embeddable":true,"href":"https:\/\/www.pink-event-service.de\/Mietkatalog\/wp-json\/wp\/v2\/media\/13657"}],"wp:attachment":[{"href":"https:\/\/www.pink-event-service.de\/Mietkatalog\/wp-json\/wp\/v2\/media?parent=13847"}],"wp:term":[{"taxonomy":"product_brand","embeddable":true,"href":"https:\/\/www.pink-event-service.de\/Mietkatalog\/wp-json\/wp\/v2\/product_brand?post=13847"},{"taxonomy":"product_cat","embeddable":true,"href":"https:\/\/www.pink-event-service.de\/Mietkatalog\/wp-json\/wp\/v2\/product_cat?post=13847"},{"taxonomy":"product_tag","embeddable":true,"href":"https:\/\/www.pink-event-service.de\/Mietkatalog\/wp-json\/wp\/v2\/product_tag?post=13847"}],"curies":[{"name":"wp","href":"https:\/\/api.w.org\/{rel}","templated":true}]}}