{"id":13867,"date":"2017-05-31T16:45:50","date_gmt":"2017-05-31T16:45:50","guid":{"rendered":"http:\/\/produktkatalog.pink-es.de\/produkt\/intercom-beyer-dt-290-headset"},"modified":"2023-03-24T14:26:02","modified_gmt":"2023-03-24T14:26:02","slug":"intercom-beyer-dt-290-headset","status":"publish","type":"product","link":"https:\/\/www.pink-event-service.de\/Mietkatalog\/produkt\/intercom-beyer-dt-290-headset","title":{"rendered":"Intercom Beyer DT 290 Headset"},"content":{"rendered":"<p>200\/80 Ohm Headsets mit dynamischem Mikrofon<\/p>\n<p>Die leichten, geschlossenen Headsets DT 280 und DT 290 sind ideal zu Kommandozwecken bei Rundfunk und Fern sehen geeignet. Die H\u00f6rer zeichnen sich durch ihr leistungsstarkes Neodym- Magnetsystem, eine sehr hohe Wiedergabe pr\u00e4zision und ein ausgewogenes, weitr\u00e4umiges Klangbild aus. Hervorzu heben ist der weite \u00dcbertragungsbereich von 10 &#8211; 30.000 Hz.<\/p>\n","protected":false},"excerpt":{"rendered":"<p>200\/80 Ohm Headsets mit dynamischem Mikrofon Die leichten, geschlossenen Headsets DT 280 und DT 290 sind ideal zu Kommandozwecken bei Rundfunk und Fern sehen geeignet. Die H\u00f6rer zeichnen sich durch ihr leistungsstarkes Neodym- Magnetsystem, eine sehr hohe Wiedergabe pr\u00e4zision und ein ausgewogenes, weitr\u00e4umiges Klangbild aus. Hervorzu heben ist der weite \u00dcbertragungsbereich von 10 &#8211; 30.000 [&hellip;]<\/p>\n","protected":false},"featured_media":13485,"template":"","meta":[],"product_brand":[],"product_cat":[290,284],"product_tag":[],"class_list":{"0":"post-13867","1":"product","2":"type-product","3":"status-publish","4":"has-post-thumbnail","6":"product_cat-intercomdolmetsch","7":"product_cat-ton","9":"first","10":"instock","11":"shipping-taxable","12":"purchasable","13":"product-type-simple"},"_links":{"self":[{"href":"https:\/\/www.pink-event-service.de\/Mietkatalog\/wp-json\/wp\/v2\/product\/13867","targetHints":{"allow":["GET"]}}],"collection":[{"href":"https:\/\/www.pink-event-service.de\/Mietkatalog\/wp-json\/wp\/v2\/product"}],"about":[{"href":"https:\/\/www.pink-event-service.de\/Mietkatalog\/wp-json\/wp\/v2\/types\/product"}],"wp:featuredmedia":[{"embeddable":true,"href":"https:\/\/www.pink-event-service.de\/Mietkatalog\/wp-json\/wp\/v2\/media\/13485"}],"wp:attachment":[{"href":"https:\/\/www.pink-event-service.de\/Mietkatalog\/wp-json\/wp\/v2\/media?parent=13867"}],"wp:term":[{"taxonomy":"product_brand","embeddable":true,"href":"https:\/\/www.pink-event-service.de\/Mietkatalog\/wp-json\/wp\/v2\/product_brand?post=13867"},{"taxonomy":"product_cat","embeddable":true,"href":"https:\/\/www.pink-event-service.de\/Mietkatalog\/wp-json\/wp\/v2\/product_cat?post=13867"},{"taxonomy":"product_tag","embeddable":true,"href":"https:\/\/www.pink-event-service.de\/Mietkatalog\/wp-json\/wp\/v2\/product_tag?post=13867"}],"curies":[{"name":"wp","href":"https:\/\/api.w.org\/{rel}","templated":true}]}}