{"id":13878,"date":"2017-05-31T16:45:54","date_gmt":"2017-05-31T16:45:54","guid":{"rendered":"http:\/\/produktkatalog.pink-es.de\/produkt\/in-ear-hardwired-fischer-amps-bp"},"modified":"2023-03-22T12:35:39","modified_gmt":"2023-03-22T12:35:39","slug":"in-ear-hardwired-fischer-amps-bp","status":"publish","type":"product","link":"https:\/\/www.pink-event-service.de\/Mietkatalog\/produkt\/in-ear-hardwired-fischer-amps-bp","title":{"rendered":"IN EAR Hardwired Fischer Amps BP"},"content":{"rendered":"<p>In-Ear Kopfh\u00f6rer-Verst\u00e4rker<br \/>\n2 XLR Eing\u00e4nge<br \/>\nStereo \/ Mono \/ Mixed Betrieb<br \/>\nVolume-Relger<br \/>\nBalance \/ Mix Regler<br \/>\n3,5 mm Stereoklinken-Ausgang<br \/>\n40 mW Ausgangsleistung<br \/>\nintegrierter Limiter<br \/>\n9V Batterie-Betrieb thomann<br \/>\n6 Std. Betriebszeit mit NIMH Akku 170 mAh<br \/>\n12 Std. Betriebszeit mit Alkaline Batterie<br \/>\nautomatische Batterieabschaltung<br \/>\nmit verriegelbarem Netzteilanschluss<br \/>\nmade in Germany<\/p>\n","protected":false},"excerpt":{"rendered":"<p>In-Ear Kopfh\u00f6rer-Verst\u00e4rker 2 XLR Eing\u00e4nge Stereo \/ Mono \/ Mixed Betrieb Volume-Relger Balance \/ Mix Regler 3,5 mm Stereoklinken-Ausgang 40 mW Ausgangsleistung integrierter Limiter 9V Batterie-Betrieb thomann 6 Std. Betriebszeit mit NIMH Akku 170 mAh 12 Std. Betriebszeit mit Alkaline Batterie automatische Batterieabschaltung mit verriegelbarem Netzteilanschluss made in Germany<\/p>\n","protected":false},"featured_media":13471,"template":"","meta":[],"product_brand":[],"product_cat":[291,284],"product_tag":[],"class_list":{"0":"post-13878","1":"product","2":"type-product","3":"status-publish","4":"has-post-thumbnail","6":"product_cat-in-ear","7":"product_cat-ton","9":"first","10":"instock","11":"shipping-taxable","12":"purchasable","13":"product-type-simple"},"_links":{"self":[{"href":"https:\/\/www.pink-event-service.de\/Mietkatalog\/wp-json\/wp\/v2\/product\/13878","targetHints":{"allow":["GET"]}}],"collection":[{"href":"https:\/\/www.pink-event-service.de\/Mietkatalog\/wp-json\/wp\/v2\/product"}],"about":[{"href":"https:\/\/www.pink-event-service.de\/Mietkatalog\/wp-json\/wp\/v2\/types\/product"}],"wp:featuredmedia":[{"embeddable":true,"href":"https:\/\/www.pink-event-service.de\/Mietkatalog\/wp-json\/wp\/v2\/media\/13471"}],"wp:attachment":[{"href":"https:\/\/www.pink-event-service.de\/Mietkatalog\/wp-json\/wp\/v2\/media?parent=13878"}],"wp:term":[{"taxonomy":"product_brand","embeddable":true,"href":"https:\/\/www.pink-event-service.de\/Mietkatalog\/wp-json\/wp\/v2\/product_brand?post=13878"},{"taxonomy":"product_cat","embeddable":true,"href":"https:\/\/www.pink-event-service.de\/Mietkatalog\/wp-json\/wp\/v2\/product_cat?post=13878"},{"taxonomy":"product_tag","embeddable":true,"href":"https:\/\/www.pink-event-service.de\/Mietkatalog\/wp-json\/wp\/v2\/product_tag?post=13878"}],"curies":[{"name":"wp","href":"https:\/\/api.w.org\/{rel}","templated":true}]}}