{"id":13880,"date":"2017-05-31T16:45:54","date_gmt":"2017-05-31T16:45:54","guid":{"rendered":"http:\/\/produktkatalog.pink-es.de\/produkt\/in-ear-hoerer-ultimate-ears-fi-10-pro"},"modified":"2023-05-03T15:45:38","modified_gmt":"2023-05-03T15:45:38","slug":"in-ear-hoerer-ultimate-ears-fi-10-pro","status":"publish","type":"product","link":"https:\/\/www.pink-event-service.de\/Mietkatalog\/produkt\/in-ear-hoerer-ultimate-ears-fi-10-pro","title":{"rendered":"IN EAR H\u00f6rer Ultimate Ears Triplefi 10"},"content":{"rendered":"<p>IN EAR H\u00f6rer Ultimate Ears Triplefi 10<\/p>\n<p>Die zwei Treiber f\u00fcr den Bass und der separate f\u00fcr den Mittelhochton vermittelten ein f\u00fcr In-Ear-H\u00f6rer einzigartig klangfarbenreiches musikalisches Erlebnis. Er spielte sogar auf dem Niveau des gro\u00dfen stereoplay Highlights Sennheiser HD 650 (7\/04), weil er dessen etwas luftigere Darstellung mit direkterer, mitrei\u00dfenderer Spielweise sowie genauerem Bass konterte. Somit strich er ebenfalls ein Highlight ein und dient stereoplay fortan als In-Ear-Referenz.<\/p>\n","protected":false},"excerpt":{"rendered":"<p>IN EAR H\u00f6rer Ultimate Ears Triplefi 10 Die zwei Treiber f\u00fcr den Bass und der separate f\u00fcr den Mittelhochton vermittelten ein f\u00fcr In-Ear-H\u00f6rer einzigartig klangfarbenreiches musikalisches Erlebnis. Er spielte sogar auf dem Niveau des gro\u00dfen stereoplay Highlights Sennheiser HD 650 (7\/04), weil er dessen etwas luftigere Darstellung mit direkterer, mitrei\u00dfenderer Spielweise sowie genauerem Bass konterte. [&hellip;]<\/p>\n","protected":false},"featured_media":13483,"template":"","meta":[],"product_brand":[],"product_cat":[291,284],"product_tag":[],"class_list":{"0":"post-13880","1":"product","2":"type-product","3":"status-publish","4":"has-post-thumbnail","6":"product_cat-in-ear","7":"product_cat-ton","9":"first","10":"instock","11":"shipping-taxable","12":"purchasable","13":"product-type-simple"},"_links":{"self":[{"href":"https:\/\/www.pink-event-service.de\/Mietkatalog\/wp-json\/wp\/v2\/product\/13880","targetHints":{"allow":["GET"]}}],"collection":[{"href":"https:\/\/www.pink-event-service.de\/Mietkatalog\/wp-json\/wp\/v2\/product"}],"about":[{"href":"https:\/\/www.pink-event-service.de\/Mietkatalog\/wp-json\/wp\/v2\/types\/product"}],"wp:featuredmedia":[{"embeddable":true,"href":"https:\/\/www.pink-event-service.de\/Mietkatalog\/wp-json\/wp\/v2\/media\/13483"}],"wp:attachment":[{"href":"https:\/\/www.pink-event-service.de\/Mietkatalog\/wp-json\/wp\/v2\/media?parent=13880"}],"wp:term":[{"taxonomy":"product_brand","embeddable":true,"href":"https:\/\/www.pink-event-service.de\/Mietkatalog\/wp-json\/wp\/v2\/product_brand?post=13880"},{"taxonomy":"product_cat","embeddable":true,"href":"https:\/\/www.pink-event-service.de\/Mietkatalog\/wp-json\/wp\/v2\/product_cat?post=13880"},{"taxonomy":"product_tag","embeddable":true,"href":"https:\/\/www.pink-event-service.de\/Mietkatalog\/wp-json\/wp\/v2\/product_tag?post=13880"}],"curies":[{"name":"wp","href":"https:\/\/api.w.org\/{rel}","templated":true}]}}