{"id":13881,"date":"2017-05-31T16:45:55","date_gmt":"2017-05-31T16:45:55","guid":{"rendered":"http:\/\/produktkatalog.pink-es.de\/produkt\/in-ear-hoerer-sennheiser-cx400ii"},"modified":"2019-03-05T15:43:11","modified_gmt":"2019-03-05T15:43:11","slug":"in-ear-hoerer-sennheiser-cx400ii","status":"publish","type":"product","link":"https:\/\/www.pink-event-service.de\/Mietkatalog\/produkt\/in-ear-hoerer-sennheiser-cx400ii","title":{"rendered":"Spitzt\u00fcte 5m f\u00fcr Airbase 850 MK3"},"content":{"rendered":"<p>Spitzt\u00fcte 5m f\u00fcr AirBase 850 Mk3<\/p>\n","protected":false},"excerpt":{"rendered":"<p>Mietpreis pro Tag (Folgetag -50%)<\/p>\n","protected":false},"featured_media":13288,"template":"","meta":[],"product_brand":[],"product_cat":[300,297],"product_tag":[],"class_list":{"0":"post-13881","1":"product","2":"type-product","3":"status-publish","4":"has-post-thumbnail","6":"product_cat-deko","7":"product_cat-licht","9":"first","10":"instock","11":"shipping-taxable","12":"purchasable","13":"product-type-simple"},"_links":{"self":[{"href":"https:\/\/www.pink-event-service.de\/Mietkatalog\/wp-json\/wp\/v2\/product\/13881","targetHints":{"allow":["GET"]}}],"collection":[{"href":"https:\/\/www.pink-event-service.de\/Mietkatalog\/wp-json\/wp\/v2\/product"}],"about":[{"href":"https:\/\/www.pink-event-service.de\/Mietkatalog\/wp-json\/wp\/v2\/types\/product"}],"wp:featuredmedia":[{"embeddable":true,"href":"https:\/\/www.pink-event-service.de\/Mietkatalog\/wp-json\/wp\/v2\/media\/13288"}],"wp:attachment":[{"href":"https:\/\/www.pink-event-service.de\/Mietkatalog\/wp-json\/wp\/v2\/media?parent=13881"}],"wp:term":[{"taxonomy":"product_brand","embeddable":true,"href":"https:\/\/www.pink-event-service.de\/Mietkatalog\/wp-json\/wp\/v2\/product_brand?post=13881"},{"taxonomy":"product_cat","embeddable":true,"href":"https:\/\/www.pink-event-service.de\/Mietkatalog\/wp-json\/wp\/v2\/product_cat?post=13881"},{"taxonomy":"product_tag","embeddable":true,"href":"https:\/\/www.pink-event-service.de\/Mietkatalog\/wp-json\/wp\/v2\/product_tag?post=13881"}],"curies":[{"name":"wp","href":"https:\/\/api.w.org\/{rel}","templated":true}]}}