{"id":13882,"date":"2017-05-31T16:45:55","date_gmt":"2017-05-31T16:45:55","guid":{"rendered":"http:\/\/produktkatalog.pink-es.de\/produkt\/in-ear-hoerer-sennheiser-ie4"},"modified":"2023-05-03T15:56:04","modified_gmt":"2023-05-03T15:56:04","slug":"in-ear-hoerer-sennheiser-ie4","status":"publish","type":"product","link":"https:\/\/www.pink-event-service.de\/Mietkatalog\/produkt\/in-ear-hoerer-sennheiser-ie4","title":{"rendered":"IN EAR H\u00f6rer Sennheiser IE4"},"content":{"rendered":"<p>InEar-H\u00f6rer<br \/>\nf\u00fcr Sennheiser EW InEar-Anlagen starker Bass<br \/>\nausgepr\u00e4gte Mitten und H\u00f6hen<br \/>\nKabell\u00e4nge ca. 1,2 Meter<br \/>\nImpedanz: 16 Ohm Farbe: Schwarz<br \/>\ninkl. 2 Paar Silikon-Ohrpassst\u00fccken<\/p>\n","protected":false},"excerpt":{"rendered":"<p>InEar-H\u00f6rer f\u00fcr Sennheiser EW InEar-Anlagen starker Bass ausgepr\u00e4gte Mitten und H\u00f6hen Kabell\u00e4nge ca. 1,2 Meter Impedanz: 16 Ohm Farbe: Schwarz inkl. 2 Paar Silikon-Ohrpassst\u00fccken<\/p>\n","protected":false},"featured_media":13476,"template":"","meta":[],"product_brand":[],"product_cat":[291,284],"product_tag":[],"class_list":{"0":"post-13882","1":"product","2":"type-product","3":"status-publish","4":"has-post-thumbnail","6":"product_cat-in-ear","7":"product_cat-ton","9":"first","10":"instock","11":"shipping-taxable","12":"purchasable","13":"product-type-simple"},"_links":{"self":[{"href":"https:\/\/www.pink-event-service.de\/Mietkatalog\/wp-json\/wp\/v2\/product\/13882","targetHints":{"allow":["GET"]}}],"collection":[{"href":"https:\/\/www.pink-event-service.de\/Mietkatalog\/wp-json\/wp\/v2\/product"}],"about":[{"href":"https:\/\/www.pink-event-service.de\/Mietkatalog\/wp-json\/wp\/v2\/types\/product"}],"wp:featuredmedia":[{"embeddable":true,"href":"https:\/\/www.pink-event-service.de\/Mietkatalog\/wp-json\/wp\/v2\/media\/13476"}],"wp:attachment":[{"href":"https:\/\/www.pink-event-service.de\/Mietkatalog\/wp-json\/wp\/v2\/media?parent=13882"}],"wp:term":[{"taxonomy":"product_brand","embeddable":true,"href":"https:\/\/www.pink-event-service.de\/Mietkatalog\/wp-json\/wp\/v2\/product_brand?post=13882"},{"taxonomy":"product_cat","embeddable":true,"href":"https:\/\/www.pink-event-service.de\/Mietkatalog\/wp-json\/wp\/v2\/product_cat?post=13882"},{"taxonomy":"product_tag","embeddable":true,"href":"https:\/\/www.pink-event-service.de\/Mietkatalog\/wp-json\/wp\/v2\/product_tag?post=13882"}],"curies":[{"name":"wp","href":"https:\/\/api.w.org\/{rel}","templated":true}]}}