{"id":13884,"date":"2017-05-31T16:45:56","date_gmt":"2017-05-31T16:45:56","guid":{"rendered":"http:\/\/produktkatalog.pink-es.de\/produkt\/powerplay-p16m-mixer"},"modified":"2023-02-27T16:42:17","modified_gmt":"2023-02-27T16:42:17","slug":"powerplay-p16m-mixer","status":"publish","type":"product","link":"https:\/\/www.pink-event-service.de\/Mietkatalog\/produkt\/powerplay-p16m-mixer","title":{"rendered":"Powerplay \/ P16M Mixer"},"content":{"rendered":"<p>Personal Mixer<\/p>\n<p>16-Kanal Mixer f\u00fcr viele Einsatzzwecke praktisches Tischgeh\u00e4use<br \/>\nregelbarer EQ, Lautst\u00e4rke, Panorama (Balance), Solo und Mute pro Kanal 16 Kanal-Auswahltaster mit thomann LEDs<br \/>\nMaster Volume<br \/>\nMaster EQ und Pan<br \/>\nLine Out f\u00fcr zus\u00e4tzliches Abh\u00f6ren<br \/>\nMidi In<br \/>\nRJ45 In \/ Thru<br \/>\nCat-5-Stromversorgung \u00fcber P16D und P16i m\u00f6glich<br \/>\nAbmessungen: 63 x 257 x 134 mm<\/p>\n","protected":false},"excerpt":{"rendered":"<p>Mietpreis pro Tag (Folgetag -50%)<\/p>\n","protected":false},"featured_media":13469,"template":"","meta":[],"product_brand":[],"product_cat":[291,284],"product_tag":[],"class_list":{"0":"post-13884","1":"product","2":"type-product","3":"status-publish","4":"has-post-thumbnail","6":"product_cat-in-ear","7":"product_cat-ton","9":"first","10":"instock","11":"shipping-taxable","12":"purchasable","13":"product-type-simple"},"_links":{"self":[{"href":"https:\/\/www.pink-event-service.de\/Mietkatalog\/wp-json\/wp\/v2\/product\/13884","targetHints":{"allow":["GET"]}}],"collection":[{"href":"https:\/\/www.pink-event-service.de\/Mietkatalog\/wp-json\/wp\/v2\/product"}],"about":[{"href":"https:\/\/www.pink-event-service.de\/Mietkatalog\/wp-json\/wp\/v2\/types\/product"}],"wp:featuredmedia":[{"embeddable":true,"href":"https:\/\/www.pink-event-service.de\/Mietkatalog\/wp-json\/wp\/v2\/media\/13469"}],"wp:attachment":[{"href":"https:\/\/www.pink-event-service.de\/Mietkatalog\/wp-json\/wp\/v2\/media?parent=13884"}],"wp:term":[{"taxonomy":"product_brand","embeddable":true,"href":"https:\/\/www.pink-event-service.de\/Mietkatalog\/wp-json\/wp\/v2\/product_brand?post=13884"},{"taxonomy":"product_cat","embeddable":true,"href":"https:\/\/www.pink-event-service.de\/Mietkatalog\/wp-json\/wp\/v2\/product_cat?post=13884"},{"taxonomy":"product_tag","embeddable":true,"href":"https:\/\/www.pink-event-service.de\/Mietkatalog\/wp-json\/wp\/v2\/product_tag?post=13884"}],"curies":[{"name":"wp","href":"https:\/\/api.w.org\/{rel}","templated":true}]}}