{"id":13887,"date":"2017-05-31T16:45:57","date_gmt":"2017-05-31T16:45:57","guid":{"rendered":"http:\/\/produktkatalog.pink-es.de\/produkt\/kopfhoerer-sennheiser-hd25"},"modified":"2023-02-27T16:41:27","modified_gmt":"2023-02-27T16:41:27","slug":"kopfhoerer-sennheiser-hd25","status":"publish","type":"product","link":"https:\/\/www.pink-event-service.de\/Mietkatalog\/produkt\/kopfhoerer-sennheiser-hd25","title":{"rendered":"Kopfh\u00f6rer \/ Sennheiser HD25"},"content":{"rendered":"<p>Mit dem HD 25 entwickelte Sennheiser einen dynamischen geschlossenen HiFi-Stereo-Kopfh\u00f6rer, d.h. Umgebungsger\u00e4usche werden sowohl von innen nach au\u00dfen und umgekehrt besser abgeschirmt als bei der offenen Bauweise.<\/p>\n<p>Da der HD 25 diese Disziplin besonders gut beherrscht, ist es kein Wunder, dass er sich in den Bereichen DJ, Monitoring von PA-Anlagen, Au\u00dfen\u00fcbertragung oder beim Studio-Monitoring besonderer Beliebtheit erfreut.<\/p>\n","protected":false},"excerpt":{"rendered":"<p>Mietpreis pro Tag (Folgetag -50%)<\/p>\n","protected":false},"featured_media":13480,"template":"","meta":[],"product_brand":[],"product_cat":[291,284],"product_tag":[],"class_list":{"0":"post-13887","1":"product","2":"type-product","3":"status-publish","4":"has-post-thumbnail","6":"product_cat-in-ear","7":"product_cat-ton","9":"first","10":"instock","11":"shipping-taxable","12":"purchasable","13":"product-type-simple"},"_links":{"self":[{"href":"https:\/\/www.pink-event-service.de\/Mietkatalog\/wp-json\/wp\/v2\/product\/13887","targetHints":{"allow":["GET"]}}],"collection":[{"href":"https:\/\/www.pink-event-service.de\/Mietkatalog\/wp-json\/wp\/v2\/product"}],"about":[{"href":"https:\/\/www.pink-event-service.de\/Mietkatalog\/wp-json\/wp\/v2\/types\/product"}],"wp:featuredmedia":[{"embeddable":true,"href":"https:\/\/www.pink-event-service.de\/Mietkatalog\/wp-json\/wp\/v2\/media\/13480"}],"wp:attachment":[{"href":"https:\/\/www.pink-event-service.de\/Mietkatalog\/wp-json\/wp\/v2\/media?parent=13887"}],"wp:term":[{"taxonomy":"product_brand","embeddable":true,"href":"https:\/\/www.pink-event-service.de\/Mietkatalog\/wp-json\/wp\/v2\/product_brand?post=13887"},{"taxonomy":"product_cat","embeddable":true,"href":"https:\/\/www.pink-event-service.de\/Mietkatalog\/wp-json\/wp\/v2\/product_cat?post=13887"},{"taxonomy":"product_tag","embeddable":true,"href":"https:\/\/www.pink-event-service.de\/Mietkatalog\/wp-json\/wp\/v2\/product_tag?post=13887"}],"curies":[{"name":"wp","href":"https:\/\/api.w.org\/{rel}","templated":true}]}}