{"id":13892,"date":"2017-05-31T16:45:59","date_gmt":"2017-05-31T16:45:59","guid":{"rendered":"http:\/\/produktkatalog.pink-es.de\/produkt\/sennheiser-skm-2000-mit-965-kapsel"},"modified":"2023-07-12T12:33:31","modified_gmt":"2023-07-12T12:33:31","slug":"sennheiser-skm-2000-mit-965-kapsel","status":"publish","type":"product","link":"https:\/\/www.pink-event-service.de\/Mietkatalog\/produkt\/sennheiser-skm-2000-mit-965-kapsel","title":{"rendered":"Sennheiser SKM 2000 mit 965 Kapsel silber"},"content":{"rendered":"<p>Robustes Metall-Geh\u00e4use, bis zu 75 MHz Schaltbandbreite, 20 Festfrequenzb\u00e4nke mit bis zu 64 kompatiblen Presets, 6 B\u00e4nke mit je bis zu 64 frei durchstimmbaren Kan\u00e4len, Frequenzeinstellung in 25-kHz-Schritten,Sender mit hinterleuchtetem Display (bei Tastendruck), Auto-Lock-Funktion gegen versehentliche Tastenbet\u00e4tigung, Audio und HF MUTE-Funktion zum Stummschalten der Sender, Konfiguration von Sendern im Men\u00fc des Empf\u00e4ngers m\u00f6glich, Synchronisation mit Empf\u00e4nger \u00fcber Infrarot Schnittstelle m\u00f6glich.<\/p>\n","protected":false},"excerpt":{"rendered":"<p>Robustes Metall-Geh\u00e4use, bis zu 75 MHz Schaltbandbreite, 20 Festfrequenzb\u00e4nke mit bis zu 64 kompatiblen Presets, 6 B\u00e4nke mit je bis zu 64 frei durchstimmbaren Kan\u00e4len, Frequenzeinstellung in 25-kHz-Schritten,Sender mit hinterleuchtetem Display (bei Tastendruck), Auto-Lock-Funktion gegen versehentliche Tastenbet\u00e4tigung, Audio und HF MUTE-Funktion zum Stummschalten der Sender, Konfiguration von Sendern im Men\u00fc des Empf\u00e4ngers m\u00f6glich, Synchronisation mit [&hellip;]<\/p>\n","protected":false},"featured_media":13728,"template":"","meta":[],"product_brand":[],"product_cat":[284,292],"product_tag":[],"class_list":{"0":"post-13892","1":"product","2":"type-product","3":"status-publish","4":"has-post-thumbnail","6":"product_cat-ton","7":"product_cat-uhf","9":"first","10":"instock","11":"shipping-taxable","12":"purchasable","13":"product-type-simple"},"_links":{"self":[{"href":"https:\/\/www.pink-event-service.de\/Mietkatalog\/wp-json\/wp\/v2\/product\/13892","targetHints":{"allow":["GET"]}}],"collection":[{"href":"https:\/\/www.pink-event-service.de\/Mietkatalog\/wp-json\/wp\/v2\/product"}],"about":[{"href":"https:\/\/www.pink-event-service.de\/Mietkatalog\/wp-json\/wp\/v2\/types\/product"}],"wp:featuredmedia":[{"embeddable":true,"href":"https:\/\/www.pink-event-service.de\/Mietkatalog\/wp-json\/wp\/v2\/media\/13728"}],"wp:attachment":[{"href":"https:\/\/www.pink-event-service.de\/Mietkatalog\/wp-json\/wp\/v2\/media?parent=13892"}],"wp:term":[{"taxonomy":"product_brand","embeddable":true,"href":"https:\/\/www.pink-event-service.de\/Mietkatalog\/wp-json\/wp\/v2\/product_brand?post=13892"},{"taxonomy":"product_cat","embeddable":true,"href":"https:\/\/www.pink-event-service.de\/Mietkatalog\/wp-json\/wp\/v2\/product_cat?post=13892"},{"taxonomy":"product_tag","embeddable":true,"href":"https:\/\/www.pink-event-service.de\/Mietkatalog\/wp-json\/wp\/v2\/product_tag?post=13892"}],"curies":[{"name":"wp","href":"https:\/\/api.w.org\/{rel}","templated":true}]}}