{"id":13895,"date":"2017-05-31T16:46:00","date_gmt":"2017-05-31T16:46:00","guid":{"rendered":"http:\/\/produktkatalog.pink-es.de\/produkt\/sennheiser-sk-2000-de-band"},"modified":"2023-07-12T12:27:48","modified_gmt":"2023-07-12T12:27:48","slug":"sennheiser-sk-2000-de-band","status":"publish","type":"product","link":"https:\/\/www.pink-event-service.de\/Mietkatalog\/produkt\/sennheiser-sk-2000-de-band","title":{"rendered":"Sennheiser SK 2000 D\/W-Band"},"content":{"rendered":"<p>Dieser leichte und dennoch \u00fcberaus robuste Taschensender macht sowohl dem Musiker als auch dem Publikum Spa\u00df. Mit einem NF-Frequenzgang von 25 bis 20.000 Hz \u00fcbertr\u00e4gt er auch den Sound einer Bassgitarre mit sattem Fundament. Drei HF-Ausgangsleistungen (vier in der US-Version) stehen zur Wahl, f\u00fcr h\u00f6here Reichweite oder mehr Kan\u00e4le pro Frequenzbereich. Durch die externen Ladekontakte k\u00f6nnen die Akkus des SK 2000 (Option) direkt im Ger\u00e4t aufgeladen werden.<\/p>\n","protected":false},"excerpt":{"rendered":"<p>Dieser leichte und dennoch \u00fcberaus robuste Taschensender macht sowohl dem Musiker als auch dem Publikum Spa\u00df. Mit einem NF-Frequenzgang von 25 bis 20.000 Hz \u00fcbertr\u00e4gt er auch den Sound einer Bassgitarre mit sattem Fundament. Drei HF-Ausgangsleistungen (vier in der US-Version) stehen zur Wahl, f\u00fcr h\u00f6here Reichweite oder mehr Kan\u00e4le pro Frequenzbereich. Durch die externen Ladekontakte [&hellip;]<\/p>\n","protected":false},"featured_media":14835,"template":"","meta":[],"product_brand":[],"product_cat":[284,292],"product_tag":[],"class_list":{"0":"post-13895","1":"product","2":"type-product","3":"status-publish","4":"has-post-thumbnail","6":"product_cat-ton","7":"product_cat-uhf","9":"first","10":"instock","11":"shipping-taxable","12":"purchasable","13":"product-type-simple"},"_links":{"self":[{"href":"https:\/\/www.pink-event-service.de\/Mietkatalog\/wp-json\/wp\/v2\/product\/13895","targetHints":{"allow":["GET"]}}],"collection":[{"href":"https:\/\/www.pink-event-service.de\/Mietkatalog\/wp-json\/wp\/v2\/product"}],"about":[{"href":"https:\/\/www.pink-event-service.de\/Mietkatalog\/wp-json\/wp\/v2\/types\/product"}],"wp:featuredmedia":[{"embeddable":true,"href":"https:\/\/www.pink-event-service.de\/Mietkatalog\/wp-json\/wp\/v2\/media\/14835"}],"wp:attachment":[{"href":"https:\/\/www.pink-event-service.de\/Mietkatalog\/wp-json\/wp\/v2\/media?parent=13895"}],"wp:term":[{"taxonomy":"product_brand","embeddable":true,"href":"https:\/\/www.pink-event-service.de\/Mietkatalog\/wp-json\/wp\/v2\/product_brand?post=13895"},{"taxonomy":"product_cat","embeddable":true,"href":"https:\/\/www.pink-event-service.de\/Mietkatalog\/wp-json\/wp\/v2\/product_cat?post=13895"},{"taxonomy":"product_tag","embeddable":true,"href":"https:\/\/www.pink-event-service.de\/Mietkatalog\/wp-json\/wp\/v2\/product_tag?post=13895"}],"curies":[{"name":"wp","href":"https:\/\/api.w.org\/{rel}","templated":true}]}}