{"id":13919,"date":"2017-05-31T16:46:08","date_gmt":"2017-05-31T16:46:08","guid":{"rendered":"http:\/\/produktkatalog.pink-es.de\/produkt\/akg-c-516-ml"},"modified":"2023-03-27T14:24:45","modified_gmt":"2023-03-27T14:24:45","slug":"akg-c-516-ml","status":"publish","type":"product","link":"https:\/\/www.pink-event-service.de\/Mietkatalog\/produkt\/akg-c-516-ml","title":{"rendered":"AKG C 516 ML"},"content":{"rendered":"<p>Kondensator Ansteckmikrofon<\/p>\n<p>Richtcharakteristik: Niere<br \/>\nFrequenzgang: 60 &#8211; 20.000 Hz<br \/>\nImpedanz: 200 Ohm<br \/>\nL-Stecker<br \/>\nBetrieb AKG Taschensender oder mit B23L Batteriespeiseger\u00e4t (Art. 342666 thomann &#8211; nicht im Lieferumfang enthalten)<br \/>\nspeziell f\u00fcr Akkordeon<br \/>\nL\u00e4nge: 20 cm Schwanenhals<br \/>\n1,5 Meter Kabel<br \/>\nFarbe: Schwarz<\/p>\n","protected":false},"excerpt":{"rendered":"<p>Kondensator Ansteckmikrofon Richtcharakteristik: Niere Frequenzgang: 60 &#8211; 20.000 Hz Impedanz: 200 Ohm L-Stecker Betrieb AKG Taschensender oder mit B23L Batteriespeiseger\u00e4t (Art. 342666 thomann &#8211; nicht im Lieferumfang enthalten) speziell f\u00fcr Akkordeon L\u00e4nge: 20 cm Schwanenhals 1,5 Meter Kabel Farbe: Schwarz<\/p>\n","protected":false},"featured_media":13574,"template":"","meta":[],"product_brand":[],"product_cat":[294,284],"product_tag":[],"class_list":{"0":"post-13919","1":"product","2":"type-product","3":"status-publish","4":"has-post-thumbnail","6":"product_cat-mikrofonie","7":"product_cat-ton","9":"first","10":"instock","11":"shipping-taxable","12":"purchasable","13":"product-type-simple"},"_links":{"self":[{"href":"https:\/\/www.pink-event-service.de\/Mietkatalog\/wp-json\/wp\/v2\/product\/13919","targetHints":{"allow":["GET"]}}],"collection":[{"href":"https:\/\/www.pink-event-service.de\/Mietkatalog\/wp-json\/wp\/v2\/product"}],"about":[{"href":"https:\/\/www.pink-event-service.de\/Mietkatalog\/wp-json\/wp\/v2\/types\/product"}],"wp:featuredmedia":[{"embeddable":true,"href":"https:\/\/www.pink-event-service.de\/Mietkatalog\/wp-json\/wp\/v2\/media\/13574"}],"wp:attachment":[{"href":"https:\/\/www.pink-event-service.de\/Mietkatalog\/wp-json\/wp\/v2\/media?parent=13919"}],"wp:term":[{"taxonomy":"product_brand","embeddable":true,"href":"https:\/\/www.pink-event-service.de\/Mietkatalog\/wp-json\/wp\/v2\/product_brand?post=13919"},{"taxonomy":"product_cat","embeddable":true,"href":"https:\/\/www.pink-event-service.de\/Mietkatalog\/wp-json\/wp\/v2\/product_cat?post=13919"},{"taxonomy":"product_tag","embeddable":true,"href":"https:\/\/www.pink-event-service.de\/Mietkatalog\/wp-json\/wp\/v2\/product_tag?post=13919"}],"curies":[{"name":"wp","href":"https:\/\/api.w.org\/{rel}","templated":true}]}}