{"id":13922,"date":"2017-05-31T16:46:09","date_gmt":"2017-05-31T16:46:09","guid":{"rendered":"http:\/\/produktkatalog.pink-es.de\/produkt\/audio-technica-atm250de"},"modified":"2023-03-28T08:32:27","modified_gmt":"2023-03-28T08:32:27","slug":"audio-technica-atm250de","status":"publish","type":"product","link":"https:\/\/www.pink-event-service.de\/Mietkatalog\/produkt\/audio-technica-atm250de","title":{"rendered":"Audio Technica ATM250DE"},"content":{"rendered":"<p>Dual-Kapsel Mikrofon<\/p>\n<p>Niere (Kondensator) Hyperniere (dynamische Kapsel)<br \/>\nspeziell f\u00fcr Bassdrum, Percussion und Bl\u00e4ser<br \/>\nzwei Kapseln in einem Mikrofon speziell f\u00fcr Bass-Drum thomann mit Druck und Attack<br \/>\n\u00dcbertragungsbereich: 40 &#8211; 20.000 Hz<br \/>\nImpedanz: 50 \/ 600 Ohm<br \/>\n148 dB SPL max.<br \/>\n11-52 Volt Phantom<br \/>\n80 Hz Highpass Schalter<br \/>\n10 dB Pad Schalter<br \/>\n5pol XLR-Anschluss<\/p>\n","protected":false},"excerpt":{"rendered":"<p>Dual-Kapsel Mikrofon Niere (Kondensator) Hyperniere (dynamische Kapsel) speziell f\u00fcr Bassdrum, Percussion und Bl\u00e4ser zwei Kapseln in einem Mikrofon speziell f\u00fcr Bass-Drum thomann mit Druck und Attack \u00dcbertragungsbereich: 40 &#8211; 20.000 Hz Impedanz: 50 \/ 600 Ohm 148 dB SPL max. 11-52 Volt Phantom 80 Hz Highpass Schalter 10 dB Pad Schalter 5pol XLR-Anschluss<\/p>\n","protected":false},"featured_media":13575,"template":"","meta":[],"product_brand":[],"product_cat":[294,284],"product_tag":[],"class_list":{"0":"post-13922","1":"product","2":"type-product","3":"status-publish","4":"has-post-thumbnail","6":"product_cat-mikrofonie","7":"product_cat-ton","9":"first","10":"instock","11":"shipping-taxable","12":"purchasable","13":"product-type-simple"},"_links":{"self":[{"href":"https:\/\/www.pink-event-service.de\/Mietkatalog\/wp-json\/wp\/v2\/product\/13922","targetHints":{"allow":["GET"]}}],"collection":[{"href":"https:\/\/www.pink-event-service.de\/Mietkatalog\/wp-json\/wp\/v2\/product"}],"about":[{"href":"https:\/\/www.pink-event-service.de\/Mietkatalog\/wp-json\/wp\/v2\/types\/product"}],"wp:featuredmedia":[{"embeddable":true,"href":"https:\/\/www.pink-event-service.de\/Mietkatalog\/wp-json\/wp\/v2\/media\/13575"}],"wp:attachment":[{"href":"https:\/\/www.pink-event-service.de\/Mietkatalog\/wp-json\/wp\/v2\/media?parent=13922"}],"wp:term":[{"taxonomy":"product_brand","embeddable":true,"href":"https:\/\/www.pink-event-service.de\/Mietkatalog\/wp-json\/wp\/v2\/product_brand?post=13922"},{"taxonomy":"product_cat","embeddable":true,"href":"https:\/\/www.pink-event-service.de\/Mietkatalog\/wp-json\/wp\/v2\/product_cat?post=13922"},{"taxonomy":"product_tag","embeddable":true,"href":"https:\/\/www.pink-event-service.de\/Mietkatalog\/wp-json\/wp\/v2\/product_tag?post=13922"}],"curies":[{"name":"wp","href":"https:\/\/api.w.org\/{rel}","templated":true}]}}