{"id":13927,"date":"2017-05-31T16:46:11","date_gmt":"2017-05-31T16:46:11","guid":{"rendered":"http:\/\/produktkatalog.pink-es.de\/produkt\/audix-d6"},"modified":"2023-03-28T08:26:08","modified_gmt":"2023-03-28T08:26:08","slug":"audix-d6","status":"publish","type":"product","link":"https:\/\/www.pink-event-service.de\/Mietkatalog\/produkt\/audix-d6","title":{"rendered":"Audix D6"},"content":{"rendered":"<p>Spezialmikro f\u00fcr Bassdrum professionelles dynamisches Gro\u00dfmembran-Mikrofon<br \/>\nauch f\u00fcr E-Bass, etc. geeignet<br \/>\nNierencharakteristik<br \/>\nFrequenzbereich: 30 &#8211; 15.000 Hz<br \/>\nImpedanz: 200 Ohm<br \/>\nSchalldruck: max SPL 144 dB<br \/>\nSensitivity: 0,8 mV\/Pa @ thomann 1 kHz<\/p>\n","protected":false},"excerpt":{"rendered":"<p>Spezialmikro f\u00fcr Bassdrum professionelles dynamisches Gro\u00dfmembran-Mikrofon auch f\u00fcr E-Bass, etc. geeignet Nierencharakteristik Frequenzbereich: 30 &#8211; 15.000 Hz Impedanz: 200 Ohm Schalldruck: max SPL 144 dB Sensitivity: 0,8 mV\/Pa @ thomann 1 kHz<\/p>\n","protected":false},"featured_media":13580,"template":"","meta":[],"product_brand":[],"product_cat":[294,284],"product_tag":[],"class_list":{"0":"post-13927","1":"product","2":"type-product","3":"status-publish","4":"has-post-thumbnail","6":"product_cat-mikrofonie","7":"product_cat-ton","9":"first","10":"instock","11":"shipping-taxable","12":"purchasable","13":"product-type-simple"},"_links":{"self":[{"href":"https:\/\/www.pink-event-service.de\/Mietkatalog\/wp-json\/wp\/v2\/product\/13927","targetHints":{"allow":["GET"]}}],"collection":[{"href":"https:\/\/www.pink-event-service.de\/Mietkatalog\/wp-json\/wp\/v2\/product"}],"about":[{"href":"https:\/\/www.pink-event-service.de\/Mietkatalog\/wp-json\/wp\/v2\/types\/product"}],"wp:featuredmedia":[{"embeddable":true,"href":"https:\/\/www.pink-event-service.de\/Mietkatalog\/wp-json\/wp\/v2\/media\/13580"}],"wp:attachment":[{"href":"https:\/\/www.pink-event-service.de\/Mietkatalog\/wp-json\/wp\/v2\/media?parent=13927"}],"wp:term":[{"taxonomy":"product_brand","embeddable":true,"href":"https:\/\/www.pink-event-service.de\/Mietkatalog\/wp-json\/wp\/v2\/product_brand?post=13927"},{"taxonomy":"product_cat","embeddable":true,"href":"https:\/\/www.pink-event-service.de\/Mietkatalog\/wp-json\/wp\/v2\/product_cat?post=13927"},{"taxonomy":"product_tag","embeddable":true,"href":"https:\/\/www.pink-event-service.de\/Mietkatalog\/wp-json\/wp\/v2\/product_tag?post=13927"}],"curies":[{"name":"wp","href":"https:\/\/api.w.org\/{rel}","templated":true}]}}