{"id":13929,"date":"2017-05-31T16:46:12","date_gmt":"2017-05-31T16:46:12","guid":{"rendered":"http:\/\/produktkatalog.pink-es.de\/produkt\/beyerdynamic-mce-83"},"modified":"2023-03-28T08:43:44","modified_gmt":"2023-03-28T08:43:44","slug":"beyerdynamic-mce-83","status":"publish","type":"product","link":"https:\/\/www.pink-event-service.de\/Mietkatalog\/produkt\/beyerdynamic-mce-83","title":{"rendered":"Beyerdynamic MCE 83"},"content":{"rendered":"<p>Das MCE 83 ist ein Studio-Kondensatormikrofon, das sich f\u00fcr die Abnahme von Instrumenten eignet.<br \/>\nDurch die Back-Elektret-Technologie und den weiten Frequenzgang ist es ideal<br \/>\nf\u00fcr alle Aufnahmeformate. Seine Nierencharakteristik ist vergleichbar mit h\u00f6herpreisigen<br \/>\nteureren Studiomikrofonen und f\u00e4ngt den gew\u00fcnschten Klang mit gr\u00f6\u00dfter Leichtigkeit ein.<\/p>\n<p><span dir=\"ltr\" role=\"presentation\">\u00a0<\/span><\/p>\n<p>&nbsp;<\/p>\n","protected":false},"excerpt":{"rendered":"<p>Das MCE 83 ist ein Studio-Kondensatormikrofon, das sich f\u00fcr die Abnahme von Instrumenten eignet. Durch die Back-Elektret-Technologie und den weiten Frequenzgang ist es ideal f\u00fcr alle Aufnahmeformate. Seine Nierencharakteristik ist vergleichbar mit h\u00f6herpreisigen teureren Studiomikrofonen und f\u00e4ngt den gew\u00fcnschten Klang mit gr\u00f6\u00dfter Leichtigkeit ein. \u00a0 &nbsp;<\/p>\n","protected":false},"featured_media":13587,"template":"","meta":[],"product_brand":[],"product_cat":[294,284],"product_tag":[],"class_list":{"0":"post-13929","1":"product","2":"type-product","3":"status-publish","4":"has-post-thumbnail","6":"product_cat-mikrofonie","7":"product_cat-ton","9":"first","10":"instock","11":"shipping-taxable","12":"purchasable","13":"product-type-simple"},"_links":{"self":[{"href":"https:\/\/www.pink-event-service.de\/Mietkatalog\/wp-json\/wp\/v2\/product\/13929","targetHints":{"allow":["GET"]}}],"collection":[{"href":"https:\/\/www.pink-event-service.de\/Mietkatalog\/wp-json\/wp\/v2\/product"}],"about":[{"href":"https:\/\/www.pink-event-service.de\/Mietkatalog\/wp-json\/wp\/v2\/types\/product"}],"wp:featuredmedia":[{"embeddable":true,"href":"https:\/\/www.pink-event-service.de\/Mietkatalog\/wp-json\/wp\/v2\/media\/13587"}],"wp:attachment":[{"href":"https:\/\/www.pink-event-service.de\/Mietkatalog\/wp-json\/wp\/v2\/media?parent=13929"}],"wp:term":[{"taxonomy":"product_brand","embeddable":true,"href":"https:\/\/www.pink-event-service.de\/Mietkatalog\/wp-json\/wp\/v2\/product_brand?post=13929"},{"taxonomy":"product_cat","embeddable":true,"href":"https:\/\/www.pink-event-service.de\/Mietkatalog\/wp-json\/wp\/v2\/product_cat?post=13929"},{"taxonomy":"product_tag","embeddable":true,"href":"https:\/\/www.pink-event-service.de\/Mietkatalog\/wp-json\/wp\/v2\/product_tag?post=13929"}],"curies":[{"name":"wp","href":"https:\/\/api.w.org\/{rel}","templated":true}]}}