{"id":13930,"date":"2017-05-31T16:46:12","date_gmt":"2017-05-31T16:46:12","guid":{"rendered":"http:\/\/produktkatalog.pink-es.de\/produkt\/beyerdynamic-m88"},"modified":"2023-03-28T08:46:01","modified_gmt":"2023-03-28T08:46:01","slug":"beyerdynamic-m88","status":"publish","type":"product","link":"https:\/\/www.pink-event-service.de\/Mietkatalog\/produkt\/beyerdynamic-m88","title":{"rendered":"Beyerdynamic M88"},"content":{"rendered":"<p>Dynamisches Mikrofon Hypernierencharakteristik<br \/>\nf\u00fcr Gesang, Blech, Overhead, Bassdrum und Percussion<br \/>\nau\u00dfergew\u00f6hnlich weiter \u00dcbertragungsbereich<br \/>\nextrem r\u00fcckkopplungsarm<br \/>\nBrummkompensation gegen magnetische Fremdfelder<br \/>\nrobuster Bauweise<br \/>\ngeeignet f\u00fcr hohe Schalldr\u00fccke<br \/>\n\u00dcbertragungsbereich: 30 &#8211; 20.000 thomann Hz<br \/>\nNennimpedanz: 200 Ohm<\/p>\n","protected":false},"excerpt":{"rendered":"<p>Dynamisches Mikrofon Hypernierencharakteristik f\u00fcr Gesang, Blech, Overhead, Bassdrum und Percussion au\u00dfergew\u00f6hnlich weiter \u00dcbertragungsbereich extrem r\u00fcckkopplungsarm Brummkompensation gegen magnetische Fremdfelder robuster Bauweise geeignet f\u00fcr hohe Schalldr\u00fccke \u00dcbertragungsbereich: 30 &#8211; 20.000 thomann Hz Nennimpedanz: 200 Ohm<\/p>\n","protected":false},"featured_media":13586,"template":"","meta":[],"product_brand":[],"product_cat":[294,284],"product_tag":[],"class_list":{"0":"post-13930","1":"product","2":"type-product","3":"status-publish","4":"has-post-thumbnail","6":"product_cat-mikrofonie","7":"product_cat-ton","9":"first","10":"instock","11":"shipping-taxable","12":"purchasable","13":"product-type-simple"},"_links":{"self":[{"href":"https:\/\/www.pink-event-service.de\/Mietkatalog\/wp-json\/wp\/v2\/product\/13930","targetHints":{"allow":["GET"]}}],"collection":[{"href":"https:\/\/www.pink-event-service.de\/Mietkatalog\/wp-json\/wp\/v2\/product"}],"about":[{"href":"https:\/\/www.pink-event-service.de\/Mietkatalog\/wp-json\/wp\/v2\/types\/product"}],"wp:featuredmedia":[{"embeddable":true,"href":"https:\/\/www.pink-event-service.de\/Mietkatalog\/wp-json\/wp\/v2\/media\/13586"}],"wp:attachment":[{"href":"https:\/\/www.pink-event-service.de\/Mietkatalog\/wp-json\/wp\/v2\/media?parent=13930"}],"wp:term":[{"taxonomy":"product_brand","embeddable":true,"href":"https:\/\/www.pink-event-service.de\/Mietkatalog\/wp-json\/wp\/v2\/product_brand?post=13930"},{"taxonomy":"product_cat","embeddable":true,"href":"https:\/\/www.pink-event-service.de\/Mietkatalog\/wp-json\/wp\/v2\/product_cat?post=13930"},{"taxonomy":"product_tag","embeddable":true,"href":"https:\/\/www.pink-event-service.de\/Mietkatalog\/wp-json\/wp\/v2\/product_tag?post=13930"}],"curies":[{"name":"wp","href":"https:\/\/api.w.org\/{rel}","templated":true}]}}