{"id":13931,"date":"2017-05-31T16:46:13","date_gmt":"2017-05-31T16:46:13","guid":{"rendered":"http:\/\/produktkatalog.pink-es.de\/produkt\/beyerdynamic-opus-53"},"modified":"2023-03-28T08:49:30","modified_gmt":"2023-03-28T08:49:30","slug":"beyerdynamic-opus-53","status":"publish","type":"product","link":"https:\/\/www.pink-event-service.de\/Mietkatalog\/produkt\/beyerdynamic-opus-53","title":{"rendered":"Beyerdynamic Opus 53"},"content":{"rendered":"<p>Beyerdynamic Opus 53, qualitativ hochwertiges Kondensatormikrofon<\/p>\n<p>Es besteht aus einem leichten, dennoch robustem, carbonfaser-verst\u00e4rktem<br \/>\nKunststoffgeh\u00e4use. Der durchg\u00e4ngig schlanke und kurze Schaft erm\u00f6glicht eine flexible<br \/>\nund unauff\u00e4llige Plazierung. Der Frequenzgang ist f\u00fcr die universelle Anwendung im<br \/>\nInstrumentalbereich ausgelegt. Das Opus 53 eignet sich zur Abnahme der<br \/>\nverschiedensten Instrumente. Es empfiehlt sich vor allem f\u00fcr die Schlagzeugabnahme wie<br \/>\nOverhead, Snare oder Hi-Hat, aber auch f\u00fcr Blech- und Holzblasinstrumente ist es<br \/>\nhervorragend geeignet.<\/p>\n","protected":false},"excerpt":{"rendered":"<p>Beyerdynamic Opus 53, qualitativ hochwertiges Kondensatormikrofon Es besteht aus einem leichten, dennoch robustem, carbonfaser-verst\u00e4rktem Kunststoffgeh\u00e4use. Der durchg\u00e4ngig schlanke und kurze Schaft erm\u00f6glicht eine flexible und unauff\u00e4llige Plazierung. Der Frequenzgang ist f\u00fcr die universelle Anwendung im Instrumentalbereich ausgelegt. Das Opus 53 eignet sich zur Abnahme der verschiedensten Instrumente. Es empfiehlt sich vor allem f\u00fcr die Schlagzeugabnahme [&hellip;]<\/p>\n","protected":false},"featured_media":13590,"template":"","meta":[],"product_brand":[],"product_cat":[294,284],"product_tag":[],"class_list":{"0":"post-13931","1":"product","2":"type-product","3":"status-publish","4":"has-post-thumbnail","6":"product_cat-mikrofonie","7":"product_cat-ton","9":"first","10":"instock","11":"shipping-taxable","12":"purchasable","13":"product-type-simple"},"_links":{"self":[{"href":"https:\/\/www.pink-event-service.de\/Mietkatalog\/wp-json\/wp\/v2\/product\/13931","targetHints":{"allow":["GET"]}}],"collection":[{"href":"https:\/\/www.pink-event-service.de\/Mietkatalog\/wp-json\/wp\/v2\/product"}],"about":[{"href":"https:\/\/www.pink-event-service.de\/Mietkatalog\/wp-json\/wp\/v2\/types\/product"}],"wp:featuredmedia":[{"embeddable":true,"href":"https:\/\/www.pink-event-service.de\/Mietkatalog\/wp-json\/wp\/v2\/media\/13590"}],"wp:attachment":[{"href":"https:\/\/www.pink-event-service.de\/Mietkatalog\/wp-json\/wp\/v2\/media?parent=13931"}],"wp:term":[{"taxonomy":"product_brand","embeddable":true,"href":"https:\/\/www.pink-event-service.de\/Mietkatalog\/wp-json\/wp\/v2\/product_brand?post=13931"},{"taxonomy":"product_cat","embeddable":true,"href":"https:\/\/www.pink-event-service.de\/Mietkatalog\/wp-json\/wp\/v2\/product_cat?post=13931"},{"taxonomy":"product_tag","embeddable":true,"href":"https:\/\/www.pink-event-service.de\/Mietkatalog\/wp-json\/wp\/v2\/product_tag?post=13931"}],"curies":[{"name":"wp","href":"https:\/\/api.w.org\/{rel}","templated":true}]}}