{"id":13935,"date":"2017-05-31T16:46:14","date_gmt":"2017-05-31T16:46:14","guid":{"rendered":"http:\/\/produktkatalog.pink-es.de\/produkt\/head-set-dpa-4088-f-beige-niere"},"modified":"2023-03-28T14:52:24","modified_gmt":"2023-03-28T14:52:24","slug":"head-set-dpa-4088-f-beige-niere","status":"publish","type":"product","link":"https:\/\/www.pink-event-service.de\/Mietkatalog\/produkt\/head-set-dpa-4088-f-beige-niere","title":{"rendered":"Head Set DPA 4088 F beige \/ Niere"},"content":{"rendered":"<p>Professionelles Headsetmikrofon<\/p>\n<p>abnehmbarer und verstellbarer Nackenb\u00fcgel f\u00fcr links\/rechts-Anwendung<br \/>\nCharakteristik Niere<br \/>\nFrequenzbereich: 20 &#8211; 20.000 Hz<br \/>\n+4-6 dB H\u00f6henanhebung bei 15 kHz<br \/>\n144 dB thomann SPL max. f\u00fcr drahtlose Sendeanlagen mit B+K Stecker (optischer Adapter f\u00fcr fast alle Sendeanlagen erh\u00e4ltlich)<br \/>\nspeziell f\u00fcr Sprache<\/p>\n","protected":false},"excerpt":{"rendered":"<p>Professionelles Headsetmikrofon abnehmbarer und verstellbarer Nackenb\u00fcgel f\u00fcr links\/rechts-Anwendung Charakteristik Niere Frequenzbereich: 20 &#8211; 20.000 Hz +4-6 dB H\u00f6henanhebung bei 15 kHz 144 dB thomann SPL max. f\u00fcr drahtlose Sendeanlagen mit B+K Stecker (optischer Adapter f\u00fcr fast alle Sendeanlagen erh\u00e4ltlich) speziell f\u00fcr Sprache<\/p>\n","protected":false},"featured_media":13591,"template":"","meta":[],"product_brand":[],"product_cat":[294,284],"product_tag":[],"class_list":{"0":"post-13935","1":"product","2":"type-product","3":"status-publish","4":"has-post-thumbnail","6":"product_cat-mikrofonie","7":"product_cat-ton","9":"first","10":"instock","11":"shipping-taxable","12":"purchasable","13":"product-type-simple"},"_links":{"self":[{"href":"https:\/\/www.pink-event-service.de\/Mietkatalog\/wp-json\/wp\/v2\/product\/13935","targetHints":{"allow":["GET"]}}],"collection":[{"href":"https:\/\/www.pink-event-service.de\/Mietkatalog\/wp-json\/wp\/v2\/product"}],"about":[{"href":"https:\/\/www.pink-event-service.de\/Mietkatalog\/wp-json\/wp\/v2\/types\/product"}],"wp:featuredmedia":[{"embeddable":true,"href":"https:\/\/www.pink-event-service.de\/Mietkatalog\/wp-json\/wp\/v2\/media\/13591"}],"wp:attachment":[{"href":"https:\/\/www.pink-event-service.de\/Mietkatalog\/wp-json\/wp\/v2\/media?parent=13935"}],"wp:term":[{"taxonomy":"product_brand","embeddable":true,"href":"https:\/\/www.pink-event-service.de\/Mietkatalog\/wp-json\/wp\/v2\/product_brand?post=13935"},{"taxonomy":"product_cat","embeddable":true,"href":"https:\/\/www.pink-event-service.de\/Mietkatalog\/wp-json\/wp\/v2\/product_cat?post=13935"},{"taxonomy":"product_tag","embeddable":true,"href":"https:\/\/www.pink-event-service.de\/Mietkatalog\/wp-json\/wp\/v2\/product_tag?post=13935"}],"curies":[{"name":"wp","href":"https:\/\/api.w.org\/{rel}","templated":true}]}}