{"id":13940,"date":"2017-05-31T16:46:16","date_gmt":"2017-05-31T16:46:16","guid":{"rendered":"http:\/\/produktkatalog.pink-es.de\/produkt\/haun-mbp-603"},"modified":"2023-03-28T15:02:14","modified_gmt":"2023-03-28T15:02:14","slug":"haun-mbp-603","status":"publish","type":"product","link":"https:\/\/www.pink-event-service.de\/Mietkatalog\/produkt\/haun-mbp-603","title":{"rendered":"Haun MBP 603"},"content":{"rendered":"<p>Modularer Mikrofonvorverst\u00e4rker<\/p>\n<p>passend f\u00fcr alle KA Kapseln<br \/>\ntrafolose Schaltung mit einem symmetrischen Ausgang<br \/>\nextrem niedrige F\u00e4rbung und geringer Klirrfaktor<br \/>\n16-48 V Phantom<\/p>\n","protected":false},"excerpt":{"rendered":"<p>Modularer Mikrofonvorverst\u00e4rker passend f\u00fcr alle KA Kapseln trafolose Schaltung mit einem symmetrischen Ausgang extrem niedrige F\u00e4rbung und geringer Klirrfaktor 16-48 V Phantom<\/p>\n","protected":false},"featured_media":13608,"template":"","meta":[],"product_brand":[],"product_cat":[294,284],"product_tag":[],"class_list":{"0":"post-13940","1":"product","2":"type-product","3":"status-publish","4":"has-post-thumbnail","6":"product_cat-mikrofonie","7":"product_cat-ton","9":"first","10":"instock","11":"shipping-taxable","12":"purchasable","13":"product-type-simple"},"_links":{"self":[{"href":"https:\/\/www.pink-event-service.de\/Mietkatalog\/wp-json\/wp\/v2\/product\/13940","targetHints":{"allow":["GET"]}}],"collection":[{"href":"https:\/\/www.pink-event-service.de\/Mietkatalog\/wp-json\/wp\/v2\/product"}],"about":[{"href":"https:\/\/www.pink-event-service.de\/Mietkatalog\/wp-json\/wp\/v2\/types\/product"}],"wp:featuredmedia":[{"embeddable":true,"href":"https:\/\/www.pink-event-service.de\/Mietkatalog\/wp-json\/wp\/v2\/media\/13608"}],"wp:attachment":[{"href":"https:\/\/www.pink-event-service.de\/Mietkatalog\/wp-json\/wp\/v2\/media?parent=13940"}],"wp:term":[{"taxonomy":"product_brand","embeddable":true,"href":"https:\/\/www.pink-event-service.de\/Mietkatalog\/wp-json\/wp\/v2\/product_brand?post=13940"},{"taxonomy":"product_cat","embeddable":true,"href":"https:\/\/www.pink-event-service.de\/Mietkatalog\/wp-json\/wp\/v2\/product_cat?post=13940"},{"taxonomy":"product_tag","embeddable":true,"href":"https:\/\/www.pink-event-service.de\/Mietkatalog\/wp-json\/wp\/v2\/product_tag?post=13940"}],"curies":[{"name":"wp","href":"https:\/\/api.w.org\/{rel}","templated":true}]}}