{"id":13942,"date":"2017-05-31T16:46:16","date_gmt":"2017-05-31T16:46:16","guid":{"rendered":"http:\/\/produktkatalog.pink-es.de\/produkt\/neumann-km184"},"modified":"2023-03-28T15:06:52","modified_gmt":"2023-03-28T15:06:52","slug":"neumann-km184","status":"publish","type":"product","link":"https:\/\/www.pink-event-service.de\/Mietkatalog\/produkt\/neumann-km184","title":{"rendered":"Neumann KM184"},"content":{"rendered":"<p>Kondensator-Kleinmembranmikrofon<\/p>\n<p>Richtcharakteristik: Niere<br \/>\nDruckgradientenempf\u00e4nger<br \/>\nNachfolger des KM 84<br \/>\nsehr gleichm\u00e4\u00dfiger Frequenzgang f\u00fcr alle Schalleinfallsrichtungen<br \/>\n\u00dcbertragungsbereich: 20 &#8211; 20000 Hz<br \/>\nNennimpedanz: 50 Ohm<br \/>\nNennlastimpedanz: 1000 Ohm<\/p>\n","protected":false},"excerpt":{"rendered":"<p>Kondensator-Kleinmembranmikrofon Richtcharakteristik: Niere Druckgradientenempf\u00e4nger Nachfolger des KM 84 sehr gleichm\u00e4\u00dfiger Frequenzgang f\u00fcr alle Schalleinfallsrichtungen \u00dcbertragungsbereich: 20 &#8211; 20000 Hz Nennimpedanz: 50 Ohm Nennlastimpedanz: 1000 Ohm<\/p>\n","protected":false},"featured_media":13617,"template":"","meta":[],"product_brand":[],"product_cat":[294,284],"product_tag":[],"class_list":{"0":"post-13942","1":"product","2":"type-product","3":"status-publish","4":"has-post-thumbnail","6":"product_cat-mikrofonie","7":"product_cat-ton","9":"first","10":"instock","11":"shipping-taxable","12":"purchasable","13":"product-type-simple"},"_links":{"self":[{"href":"https:\/\/www.pink-event-service.de\/Mietkatalog\/wp-json\/wp\/v2\/product\/13942","targetHints":{"allow":["GET"]}}],"collection":[{"href":"https:\/\/www.pink-event-service.de\/Mietkatalog\/wp-json\/wp\/v2\/product"}],"about":[{"href":"https:\/\/www.pink-event-service.de\/Mietkatalog\/wp-json\/wp\/v2\/types\/product"}],"wp:featuredmedia":[{"embeddable":true,"href":"https:\/\/www.pink-event-service.de\/Mietkatalog\/wp-json\/wp\/v2\/media\/13617"}],"wp:attachment":[{"href":"https:\/\/www.pink-event-service.de\/Mietkatalog\/wp-json\/wp\/v2\/media?parent=13942"}],"wp:term":[{"taxonomy":"product_brand","embeddable":true,"href":"https:\/\/www.pink-event-service.de\/Mietkatalog\/wp-json\/wp\/v2\/product_brand?post=13942"},{"taxonomy":"product_cat","embeddable":true,"href":"https:\/\/www.pink-event-service.de\/Mietkatalog\/wp-json\/wp\/v2\/product_cat?post=13942"},{"taxonomy":"product_tag","embeddable":true,"href":"https:\/\/www.pink-event-service.de\/Mietkatalog\/wp-json\/wp\/v2\/product_tag?post=13942"}],"curies":[{"name":"wp","href":"https:\/\/api.w.org\/{rel}","templated":true}]}}