{"id":13943,"date":"2017-05-31T16:46:17","date_gmt":"2017-05-31T16:46:17","guid":{"rendered":"http:\/\/produktkatalog.pink-es.de\/produkt\/neumann-tlm-193"},"modified":"2023-03-28T15:10:34","modified_gmt":"2023-03-28T15:10:34","slug":"neumann-tlm-193","status":"publish","type":"product","link":"https:\/\/www.pink-event-service.de\/Mietkatalog\/produkt\/neumann-tlm-193","title":{"rendered":"Neumann TLM 193"},"content":{"rendered":"<p>Gro\u00dfmembranmikrofon<\/p>\n<p>Das \u0094Plug and Play\u0094- Mikrofon f\u00fcr professionelle Studios, Musiker und den anspruchsvollen Homerecording Bereich.<\/p>\n<p>Das TLM 193 ist thomann ein Nierenmikrofon f\u00fcr professionelle Anwendungen im Recording und Livebereich. Es ist das perfekte Mikrofon f\u00fcr professionelle Produktionsstudios, f\u00fcr Musiker und anspruchsvolles Homerecording.<\/p>\n","protected":false},"excerpt":{"rendered":"<p>Gro\u00dfmembranmikrofon Das \u0094Plug and Play\u0094- Mikrofon f\u00fcr professionelle Studios, Musiker und den anspruchsvollen Homerecording Bereich. Das TLM 193 ist thomann ein Nierenmikrofon f\u00fcr professionelle Anwendungen im Recording und Livebereich. Es ist das perfekte Mikrofon f\u00fcr professionelle Produktionsstudios, f\u00fcr Musiker und anspruchsvolles Homerecording.<\/p>\n","protected":false},"featured_media":14373,"template":"","meta":[],"product_brand":[],"product_cat":[294,284],"product_tag":[],"class_list":{"0":"post-13943","1":"product","2":"type-product","3":"status-publish","4":"has-post-thumbnail","6":"product_cat-mikrofonie","7":"product_cat-ton","9":"first","10":"instock","11":"shipping-taxable","12":"purchasable","13":"product-type-simple"},"_links":{"self":[{"href":"https:\/\/www.pink-event-service.de\/Mietkatalog\/wp-json\/wp\/v2\/product\/13943","targetHints":{"allow":["GET"]}}],"collection":[{"href":"https:\/\/www.pink-event-service.de\/Mietkatalog\/wp-json\/wp\/v2\/product"}],"about":[{"href":"https:\/\/www.pink-event-service.de\/Mietkatalog\/wp-json\/wp\/v2\/types\/product"}],"wp:featuredmedia":[{"embeddable":true,"href":"https:\/\/www.pink-event-service.de\/Mietkatalog\/wp-json\/wp\/v2\/media\/14373"}],"wp:attachment":[{"href":"https:\/\/www.pink-event-service.de\/Mietkatalog\/wp-json\/wp\/v2\/media?parent=13943"}],"wp:term":[{"taxonomy":"product_brand","embeddable":true,"href":"https:\/\/www.pink-event-service.de\/Mietkatalog\/wp-json\/wp\/v2\/product_brand?post=13943"},{"taxonomy":"product_cat","embeddable":true,"href":"https:\/\/www.pink-event-service.de\/Mietkatalog\/wp-json\/wp\/v2\/product_cat?post=13943"},{"taxonomy":"product_tag","embeddable":true,"href":"https:\/\/www.pink-event-service.de\/Mietkatalog\/wp-json\/wp\/v2\/product_tag?post=13943"}],"curies":[{"name":"wp","href":"https:\/\/api.w.org\/{rel}","templated":true}]}}