{"id":13944,"date":"2017-05-31T16:46:17","date_gmt":"2017-05-31T16:46:17","guid":{"rendered":"http:\/\/produktkatalog.pink-es.de\/produkt\/royer-labs-r-121-baendchenmikrofon"},"modified":"2023-04-26T11:27:47","modified_gmt":"2023-04-26T11:27:47","slug":"royer-labs-r-121-baendchenmikrofon","status":"publish","type":"product","link":"https:\/\/www.pink-event-service.de\/Mietkatalog\/produkt\/royer-labs-r-121-baendchenmikrofon","title":{"rendered":"Royer Labs R-121 B\u00e4ndchenmikrofon"},"content":{"rendered":"<p>B\u00e4ndchenmikrofon<\/p>\n<p>Das R-121 stellt f\u00fcr viele den Inbegriff des modernen B\u00e4ndchen-Mikrofons dar. Es klingt warm und ausgewogen, die wichtigen Mittenfrequenzen werden sehr detailreich aufgel\u00f6st, es gl\u00e4nzt mit kaum vorhandenem Eigenrauschen und einem ausgepr\u00e4gten Nahbesprechungseffekt. Das B\u00e4ndchenelement ist unempfindlich gegen Hitze und Feuchtigkeit. Ideal f\u00fcr Gitarrenabnahme, Bl\u00e4ser, Overheads und Streicher.<\/p>\n<p>Richtcharakteristik: 8<br \/>\n\u00dcbertragungsbereich: 30 Hz &#8211; thomann 15 kHz +\/- 3 dB<br \/>\nEmpfindlichkeit: -54 dBv re. 1 V\/pa +\/- 1 dB<br \/>\nAusgangsimpedanz: 300 Ohm @ 1 k (nominal)<br \/>\nH\u00f6chstschalldruck: &gt; 135 dB<\/p>\n","protected":false},"excerpt":{"rendered":"<p>B\u00e4ndchenmikrofon Das R-121 stellt f\u00fcr viele den Inbegriff des modernen B\u00e4ndchen-Mikrofons dar. Es klingt warm und ausgewogen, die wichtigen Mittenfrequenzen werden sehr detailreich aufgel\u00f6st, es gl\u00e4nzt mit kaum vorhandenem Eigenrauschen und einem ausgepr\u00e4gten Nahbesprechungseffekt. Das B\u00e4ndchenelement ist unempfindlich gegen Hitze und Feuchtigkeit. Ideal f\u00fcr Gitarrenabnahme, Bl\u00e4ser, Overheads und Streicher. Richtcharakteristik: 8 \u00dcbertragungsbereich: 30 Hz &#8211; [&hellip;]<\/p>\n","protected":false},"featured_media":14374,"template":"","meta":[],"product_brand":[],"product_cat":[294,284],"product_tag":[],"class_list":{"0":"post-13944","1":"product","2":"type-product","3":"status-publish","4":"has-post-thumbnail","6":"product_cat-mikrofonie","7":"product_cat-ton","9":"first","10":"instock","11":"shipping-taxable","12":"purchasable","13":"product-type-simple"},"_links":{"self":[{"href":"https:\/\/www.pink-event-service.de\/Mietkatalog\/wp-json\/wp\/v2\/product\/13944","targetHints":{"allow":["GET"]}}],"collection":[{"href":"https:\/\/www.pink-event-service.de\/Mietkatalog\/wp-json\/wp\/v2\/product"}],"about":[{"href":"https:\/\/www.pink-event-service.de\/Mietkatalog\/wp-json\/wp\/v2\/types\/product"}],"wp:featuredmedia":[{"embeddable":true,"href":"https:\/\/www.pink-event-service.de\/Mietkatalog\/wp-json\/wp\/v2\/media\/14374"}],"wp:attachment":[{"href":"https:\/\/www.pink-event-service.de\/Mietkatalog\/wp-json\/wp\/v2\/media?parent=13944"}],"wp:term":[{"taxonomy":"product_brand","embeddable":true,"href":"https:\/\/www.pink-event-service.de\/Mietkatalog\/wp-json\/wp\/v2\/product_brand?post=13944"},{"taxonomy":"product_cat","embeddable":true,"href":"https:\/\/www.pink-event-service.de\/Mietkatalog\/wp-json\/wp\/v2\/product_cat?post=13944"},{"taxonomy":"product_tag","embeddable":true,"href":"https:\/\/www.pink-event-service.de\/Mietkatalog\/wp-json\/wp\/v2\/product_tag?post=13944"}],"curies":[{"name":"wp","href":"https:\/\/api.w.org\/{rel}","templated":true}]}}