{"id":13945,"date":"2017-05-31T16:46:17","date_gmt":"2017-05-31T16:46:17","guid":{"rendered":"http:\/\/produktkatalog.pink-es.de\/produkt\/sennheiser-e-604"},"modified":"2023-04-26T12:15:44","modified_gmt":"2023-04-26T12:15:44","slug":"sennheiser-e-604","status":"publish","type":"product","link":"https:\/\/www.pink-event-service.de\/Mietkatalog\/produkt\/sennheiser-e-604","title":{"rendered":"Sennheiser e604"},"content":{"rendered":"<p>Dynamisches Instrumenten-Mikrofon<\/p>\n<p>Das e604 ist ein Instrumentenmikrofon mit Nierencharakteristik f\u00fcr die Abnahme von Schlagzeug sowie Blech- und Holzblasinstrumenten. In den oberen Mitten und H\u00f6hen leicht betont, liefert das e 604 einen druckvollen Sound, offen und klar bis in die Tiefe.<\/p>\n<p>ideal z.B. f\u00fcr Toms, Snare, Percussion<br \/>\nCharakteristik: Niere<br \/>\nFrequenzgang: 40 &#8211; 18.000 Hz<\/p>\n","protected":false},"excerpt":{"rendered":"<p>Dynamisches Instrumenten-Mikrofon Das e604 ist ein Instrumentenmikrofon mit Nierencharakteristik f\u00fcr die Abnahme von Schlagzeug sowie Blech- und Holzblasinstrumenten. In den oberen Mitten und H\u00f6hen leicht betont, liefert das e 604 einen druckvollen Sound, offen und klar bis in die Tiefe. ideal z.B. f\u00fcr Toms, Snare, Percussion Charakteristik: Niere Frequenzgang: 40 &#8211; 18.000 Hz<\/p>\n","protected":false},"featured_media":13631,"template":"","meta":[],"product_brand":[],"product_cat":[294,284],"product_tag":[],"class_list":{"0":"post-13945","1":"product","2":"type-product","3":"status-publish","4":"has-post-thumbnail","6":"product_cat-mikrofonie","7":"product_cat-ton","9":"first","10":"instock","11":"shipping-taxable","12":"purchasable","13":"product-type-simple"},"_links":{"self":[{"href":"https:\/\/www.pink-event-service.de\/Mietkatalog\/wp-json\/wp\/v2\/product\/13945","targetHints":{"allow":["GET"]}}],"collection":[{"href":"https:\/\/www.pink-event-service.de\/Mietkatalog\/wp-json\/wp\/v2\/product"}],"about":[{"href":"https:\/\/www.pink-event-service.de\/Mietkatalog\/wp-json\/wp\/v2\/types\/product"}],"wp:featuredmedia":[{"embeddable":true,"href":"https:\/\/www.pink-event-service.de\/Mietkatalog\/wp-json\/wp\/v2\/media\/13631"}],"wp:attachment":[{"href":"https:\/\/www.pink-event-service.de\/Mietkatalog\/wp-json\/wp\/v2\/media?parent=13945"}],"wp:term":[{"taxonomy":"product_brand","embeddable":true,"href":"https:\/\/www.pink-event-service.de\/Mietkatalog\/wp-json\/wp\/v2\/product_brand?post=13945"},{"taxonomy":"product_cat","embeddable":true,"href":"https:\/\/www.pink-event-service.de\/Mietkatalog\/wp-json\/wp\/v2\/product_cat?post=13945"},{"taxonomy":"product_tag","embeddable":true,"href":"https:\/\/www.pink-event-service.de\/Mietkatalog\/wp-json\/wp\/v2\/product_tag?post=13945"}],"curies":[{"name":"wp","href":"https:\/\/api.w.org\/{rel}","templated":true}]}}