{"id":13946,"date":"2017-05-31T16:46:18","date_gmt":"2017-05-31T16:46:18","guid":{"rendered":"http:\/\/produktkatalog.pink-es.de\/produkt\/sennheiser-e904"},"modified":"2023-04-26T12:15:17","modified_gmt":"2023-04-26T12:15:17","slug":"sennheiser-e904","status":"publish","type":"product","link":"https:\/\/www.pink-event-service.de\/Mietkatalog\/produkt\/sennheiser-e904","title":{"rendered":"Sennheiser e904"},"content":{"rendered":"<p>Dynamisches Tom-Mikrofon<\/p>\n<p>Das e 904 erzeugt durch seinen gleichm\u00e4\u00dfigen Frequenzgang ein ebenso transparentes wie harmonisches Klangbild, das sich ausgezeichnet formen l\u00e4sst. In den Drum-Mix kann es wegen seines pr\u00e4zisen Attacks und volumin\u00f6sen K\u00f6rpers sauber eingebettet werden.<\/p>\n<p>Speziell f\u00fcr Tom- und Snareabnahme<br \/>\nRichtcharakteristik: Niere<br \/>\n\u00dcbertragungsbereich: 40 &#8211; 18.000 Hz<br \/>\nImpedanz: 350 Ohm<\/p>\n","protected":false},"excerpt":{"rendered":"<p>Dynamisches Tom-Mikrofon Das e 904 erzeugt durch seinen gleichm\u00e4\u00dfigen Frequenzgang ein ebenso transparentes wie harmonisches Klangbild, das sich ausgezeichnet formen l\u00e4sst. In den Drum-Mix kann es wegen seines pr\u00e4zisen Attacks und volumin\u00f6sen K\u00f6rpers sauber eingebettet werden. Speziell f\u00fcr Tom- und Snareabnahme Richtcharakteristik: Niere \u00dcbertragungsbereich: 40 &#8211; 18.000 Hz Impedanz: 350 Ohm<\/p>\n","protected":false},"featured_media":13632,"template":"","meta":[],"product_brand":[],"product_cat":[294,284],"product_tag":[],"class_list":{"0":"post-13946","1":"product","2":"type-product","3":"status-publish","4":"has-post-thumbnail","6":"product_cat-mikrofonie","7":"product_cat-ton","9":"first","10":"instock","11":"shipping-taxable","12":"purchasable","13":"product-type-simple"},"_links":{"self":[{"href":"https:\/\/www.pink-event-service.de\/Mietkatalog\/wp-json\/wp\/v2\/product\/13946","targetHints":{"allow":["GET"]}}],"collection":[{"href":"https:\/\/www.pink-event-service.de\/Mietkatalog\/wp-json\/wp\/v2\/product"}],"about":[{"href":"https:\/\/www.pink-event-service.de\/Mietkatalog\/wp-json\/wp\/v2\/types\/product"}],"wp:featuredmedia":[{"embeddable":true,"href":"https:\/\/www.pink-event-service.de\/Mietkatalog\/wp-json\/wp\/v2\/media\/13632"}],"wp:attachment":[{"href":"https:\/\/www.pink-event-service.de\/Mietkatalog\/wp-json\/wp\/v2\/media?parent=13946"}],"wp:term":[{"taxonomy":"product_brand","embeddable":true,"href":"https:\/\/www.pink-event-service.de\/Mietkatalog\/wp-json\/wp\/v2\/product_brand?post=13946"},{"taxonomy":"product_cat","embeddable":true,"href":"https:\/\/www.pink-event-service.de\/Mietkatalog\/wp-json\/wp\/v2\/product_cat?post=13946"},{"taxonomy":"product_tag","embeddable":true,"href":"https:\/\/www.pink-event-service.de\/Mietkatalog\/wp-json\/wp\/v2\/product_tag?post=13946"}],"curies":[{"name":"wp","href":"https:\/\/api.w.org\/{rel}","templated":true}]}}