{"id":13947,"date":"2017-05-31T16:46:18","date_gmt":"2017-05-31T16:46:18","guid":{"rendered":"http:\/\/produktkatalog.pink-es.de\/produkt\/sennheiser-e905"},"modified":"2023-04-26T12:13:12","modified_gmt":"2023-04-26T12:13:12","slug":"sennheiser-e905","status":"publish","type":"product","link":"https:\/\/www.pink-event-service.de\/Mietkatalog\/produkt\/sennheiser-e905","title":{"rendered":"Sennheiser e905"},"content":{"rendered":"<p>Dynamisches Snare-Mikrofon mit Nierenrichtcharakteristik<\/p>\n<p>Das e 905 kann sehr hohe Schalldruckpegel verarbeiten und besitzt eine sehr schnelles Einschwingverhalten. Es eignet sich f\u00fcr viele unterschiedliche Musikinstrumente, und ist die perfekte Wahl f\u00fcr Snare Drum.<\/p>\n<p>Kompakter K\u00f6rper &#8211; Ideal f\u00fcr die Montage am Schlagzeug<br \/>\nIntegrierte Standaufh\u00e4ngung<br \/>\nGefederte Kapsel<br \/>\nFrequenzzugang: 40 &#8211; 18000 Hz<\/p>\n","protected":false},"excerpt":{"rendered":"<p>Dynamisches Snare-Mikrofon mit Nierenrichtcharakteristik Das e 905 kann sehr hohe Schalldruckpegel verarbeiten und besitzt eine sehr schnelles Einschwingverhalten. Es eignet sich f\u00fcr viele unterschiedliche Musikinstrumente, und ist die perfekte Wahl f\u00fcr Snare Drum. Kompakter K\u00f6rper &#8211; Ideal f\u00fcr die Montage am Schlagzeug Integrierte Standaufh\u00e4ngung Gefederte Kapsel Frequenzzugang: 40 &#8211; 18000 Hz<\/p>\n","protected":false},"featured_media":13637,"template":"","meta":[],"product_brand":[],"product_cat":[294,284],"product_tag":[],"class_list":{"0":"post-13947","1":"product","2":"type-product","3":"status-publish","4":"has-post-thumbnail","6":"product_cat-mikrofonie","7":"product_cat-ton","9":"first","10":"instock","11":"shipping-taxable","12":"purchasable","13":"product-type-simple"},"_links":{"self":[{"href":"https:\/\/www.pink-event-service.de\/Mietkatalog\/wp-json\/wp\/v2\/product\/13947","targetHints":{"allow":["GET"]}}],"collection":[{"href":"https:\/\/www.pink-event-service.de\/Mietkatalog\/wp-json\/wp\/v2\/product"}],"about":[{"href":"https:\/\/www.pink-event-service.de\/Mietkatalog\/wp-json\/wp\/v2\/types\/product"}],"wp:featuredmedia":[{"embeddable":true,"href":"https:\/\/www.pink-event-service.de\/Mietkatalog\/wp-json\/wp\/v2\/media\/13637"}],"wp:attachment":[{"href":"https:\/\/www.pink-event-service.de\/Mietkatalog\/wp-json\/wp\/v2\/media?parent=13947"}],"wp:term":[{"taxonomy":"product_brand","embeddable":true,"href":"https:\/\/www.pink-event-service.de\/Mietkatalog\/wp-json\/wp\/v2\/product_brand?post=13947"},{"taxonomy":"product_cat","embeddable":true,"href":"https:\/\/www.pink-event-service.de\/Mietkatalog\/wp-json\/wp\/v2\/product_cat?post=13947"},{"taxonomy":"product_tag","embeddable":true,"href":"https:\/\/www.pink-event-service.de\/Mietkatalog\/wp-json\/wp\/v2\/product_tag?post=13947"}],"curies":[{"name":"wp","href":"https:\/\/api.w.org\/{rel}","templated":true}]}}