{"id":13948,"date":"2017-05-31T16:46:18","date_gmt":"2017-05-31T16:46:18","guid":{"rendered":"http:\/\/produktkatalog.pink-es.de\/produkt\/sennheiser-e906"},"modified":"2023-04-26T12:07:49","modified_gmt":"2023-04-26T12:07:49","slug":"sennheiser-e906","status":"publish","type":"product","link":"https:\/\/www.pink-event-service.de\/Mietkatalog\/produkt\/sennheiser-e906","title":{"rendered":"Sennheiser e906"},"content":{"rendered":"<p>Dynamisches Instrumentenmikrofon<\/p>\n<p>Der Sound des e 906 ist modern, pr\u00e4zise und druckvoll, die M\u00f6glichkeiten zum Sounddesign sind dank des umschaltbaren Pr\u00e4senzfilters vielf\u00e4ltig, und zudem blendet die Membran in Supernierencharakteristik Umgebungsger\u00e4usche effektiv aus. \u00dcberdies macht das e 906 auch an Schlag- und Blasinstrumenten eine gute Figur.<\/p>\n<p>&#8222;Evolution&#8220;-Serie<br \/>\nspeziell f\u00fcr E-Gitarre, Snare-Drum, Bl\u00e4ser geeignet<br \/>\nCharakteristik: Superniere<br \/>\n3-Stufen-Schalter: Hi-Boost, Flat<br \/>\nFrequnzbereich: <span class=\"fx-text fx-text--plus list-item__text\">40 &#8211; 18.000 Hz<\/span><\/p>\n","protected":false},"excerpt":{"rendered":"<p>Dynamisches Instrumentenmikrofon Der Sound des e 906 ist modern, pr\u00e4zise und druckvoll, die M\u00f6glichkeiten zum Sounddesign sind dank des umschaltbaren Pr\u00e4senzfilters vielf\u00e4ltig, und zudem blendet die Membran in Supernierencharakteristik Umgebungsger\u00e4usche effektiv aus. \u00dcberdies macht das e 906 auch an Schlag- und Blasinstrumenten eine gute Figur. &#8222;Evolution&#8220;-Serie speziell f\u00fcr E-Gitarre, Snare-Drum, Bl\u00e4ser geeignet Charakteristik: Superniere 3-Stufen-Schalter: [&hellip;]<\/p>\n","protected":false},"featured_media":13634,"template":"","meta":[],"product_brand":[],"product_cat":[294,284],"product_tag":[],"class_list":{"0":"post-13948","1":"product","2":"type-product","3":"status-publish","4":"has-post-thumbnail","6":"product_cat-mikrofonie","7":"product_cat-ton","9":"first","10":"instock","11":"shipping-taxable","12":"purchasable","13":"product-type-simple"},"_links":{"self":[{"href":"https:\/\/www.pink-event-service.de\/Mietkatalog\/wp-json\/wp\/v2\/product\/13948","targetHints":{"allow":["GET"]}}],"collection":[{"href":"https:\/\/www.pink-event-service.de\/Mietkatalog\/wp-json\/wp\/v2\/product"}],"about":[{"href":"https:\/\/www.pink-event-service.de\/Mietkatalog\/wp-json\/wp\/v2\/types\/product"}],"wp:featuredmedia":[{"embeddable":true,"href":"https:\/\/www.pink-event-service.de\/Mietkatalog\/wp-json\/wp\/v2\/media\/13634"}],"wp:attachment":[{"href":"https:\/\/www.pink-event-service.de\/Mietkatalog\/wp-json\/wp\/v2\/media?parent=13948"}],"wp:term":[{"taxonomy":"product_brand","embeddable":true,"href":"https:\/\/www.pink-event-service.de\/Mietkatalog\/wp-json\/wp\/v2\/product_brand?post=13948"},{"taxonomy":"product_cat","embeddable":true,"href":"https:\/\/www.pink-event-service.de\/Mietkatalog\/wp-json\/wp\/v2\/product_cat?post=13948"},{"taxonomy":"product_tag","embeddable":true,"href":"https:\/\/www.pink-event-service.de\/Mietkatalog\/wp-json\/wp\/v2\/product_tag?post=13948"}],"curies":[{"name":"wp","href":"https:\/\/api.w.org\/{rel}","templated":true}]}}