{"id":13950,"date":"2017-05-31T16:46:19","date_gmt":"2017-05-31T16:46:19","guid":{"rendered":"http:\/\/produktkatalog.pink-es.de\/produkt\/sennheiser-e912"},"modified":"2023-04-26T12:37:05","modified_gmt":"2023-04-26T12:37:05","slug":"sennheiser-e912","status":"publish","type":"product","link":"https:\/\/www.pink-event-service.de\/Mietkatalog\/produkt\/sennheiser-e912","title":{"rendered":"Sennheiser E912"},"content":{"rendered":"<p>Kondensator-Mikrofon<\/p>\n<p>Das e 912-S wurde f\u00fcr den unauff\u00e4lligen Einsatz auf Konferenztischen, Alt\u00e4ren und Rednerpulten entwickelt. Es ist ein hochwertiges, dauerpolarisiertes Kondensator-Mikrofon mit Halb-Nierencharakteristik, das akustisch auf die Abnahme von Sprache optimiert wurde .\u00dcber einen integrierten Folientasterschalter l\u00e4sst sich das Mikrofon ein- und ausschalten.<\/p>\n<p>Frequenzgang: 20 &#8211; 20000 Hz<br \/>\nExtrem robust und ersch\u00fctterungsged\u00e4mpft<br \/>\nUnaufdringliches flaches Geh\u00e4use<br \/>\n\u00dcbertragungsbereich und Empfindlichkeit optimiert f\u00fcr die Abnahme von Instrumenten, Gesang und Sprache<\/p>\n","protected":false},"excerpt":{"rendered":"<p>Kondensator-Mikrofon Das e 912-S wurde f\u00fcr den unauff\u00e4lligen Einsatz auf Konferenztischen, Alt\u00e4ren und Rednerpulten entwickelt. Es ist ein hochwertiges, dauerpolarisiertes Kondensator-Mikrofon mit Halb-Nierencharakteristik, das akustisch auf die Abnahme von Sprache optimiert wurde .\u00dcber einen integrierten Folientasterschalter l\u00e4sst sich das Mikrofon ein- und ausschalten. Frequenzgang: 20 &#8211; 20000 Hz Extrem robust und ersch\u00fctterungsged\u00e4mpft Unaufdringliches flaches Geh\u00e4use [&hellip;]<\/p>\n","protected":false},"featured_media":13635,"template":"","meta":[],"product_brand":[],"product_cat":[294,284],"product_tag":[],"class_list":{"0":"post-13950","1":"product","2":"type-product","3":"status-publish","4":"has-post-thumbnail","6":"product_cat-mikrofonie","7":"product_cat-ton","9":"first","10":"instock","11":"shipping-taxable","12":"purchasable","13":"product-type-simple"},"_links":{"self":[{"href":"https:\/\/www.pink-event-service.de\/Mietkatalog\/wp-json\/wp\/v2\/product\/13950","targetHints":{"allow":["GET"]}}],"collection":[{"href":"https:\/\/www.pink-event-service.de\/Mietkatalog\/wp-json\/wp\/v2\/product"}],"about":[{"href":"https:\/\/www.pink-event-service.de\/Mietkatalog\/wp-json\/wp\/v2\/types\/product"}],"wp:featuredmedia":[{"embeddable":true,"href":"https:\/\/www.pink-event-service.de\/Mietkatalog\/wp-json\/wp\/v2\/media\/13635"}],"wp:attachment":[{"href":"https:\/\/www.pink-event-service.de\/Mietkatalog\/wp-json\/wp\/v2\/media?parent=13950"}],"wp:term":[{"taxonomy":"product_brand","embeddable":true,"href":"https:\/\/www.pink-event-service.de\/Mietkatalog\/wp-json\/wp\/v2\/product_brand?post=13950"},{"taxonomy":"product_cat","embeddable":true,"href":"https:\/\/www.pink-event-service.de\/Mietkatalog\/wp-json\/wp\/v2\/product_cat?post=13950"},{"taxonomy":"product_tag","embeddable":true,"href":"https:\/\/www.pink-event-service.de\/Mietkatalog\/wp-json\/wp\/v2\/product_tag?post=13950"}],"curies":[{"name":"wp","href":"https:\/\/api.w.org\/{rel}","templated":true}]}}