{"id":13952,"date":"2017-05-31T16:46:20","date_gmt":"2017-05-31T16:46:20","guid":{"rendered":"http:\/\/produktkatalog.pink-es.de\/produkt\/sennheiser-md-441"},"modified":"2023-04-26T13:44:18","modified_gmt":"2023-04-26T13:44:18","slug":"sennheiser-md-441","status":"publish","type":"product","link":"https:\/\/www.pink-event-service.de\/Mietkatalog\/produkt\/sennheiser-md-441","title":{"rendered":"Sennheiser MD 441"},"content":{"rendered":"<p>Dynamisches Mikrofon<\/p>\n<p>Das MD 441 U ist ein hochwertiges Mikrofon, dessen akustische Eigenschaften denen der Kondensatormikrofone nahezu entsprechen. Impulstreue thomann und verzerrungsfreie \u00dcbertragung sind auch bei h\u00f6chsten Schalldr\u00fccken gew\u00e4hrleistet. Oberfl\u00e4che: Ganzmetallgeh\u00e4use mit schwarzem Kunstleder bezogen, Einsprachekorb: Nickel, verchromt.<\/p>\n<p>sehr r\u00fcckkopplungssicher<br \/>\nSuperniere<br \/>\ndurchstimmbarer HP und HF-shelve, XLR<br \/>\nImpedanz: 200 Ohm<br \/>\nFrequenzbereich: 30 Hz &#8211; 20 kHz<\/p>\n","protected":false},"excerpt":{"rendered":"<p>Dynamisches Mikrofon Das MD 441 U ist ein hochwertiges Mikrofon, dessen akustische Eigenschaften denen der Kondensatormikrofone nahezu entsprechen. Impulstreue thomann und verzerrungsfreie \u00dcbertragung sind auch bei h\u00f6chsten Schalldr\u00fccken gew\u00e4hrleistet. Oberfl\u00e4che: Ganzmetallgeh\u00e4use mit schwarzem Kunstleder bezogen, Einsprachekorb: Nickel, verchromt. sehr r\u00fcckkopplungssicher Superniere durchstimmbarer HP und HF-shelve, XLR Impedanz: 200 Ohm Frequenzbereich: 30 Hz &#8211; 20 kHz<\/p>\n","protected":false},"featured_media":13551,"template":"","meta":[],"product_brand":[],"product_cat":[294,284],"product_tag":[],"class_list":{"0":"post-13952","1":"product","2":"type-product","3":"status-publish","4":"has-post-thumbnail","6":"product_cat-mikrofonie","7":"product_cat-ton","9":"first","10":"instock","11":"shipping-taxable","12":"purchasable","13":"product-type-simple"},"_links":{"self":[{"href":"https:\/\/www.pink-event-service.de\/Mietkatalog\/wp-json\/wp\/v2\/product\/13952","targetHints":{"allow":["GET"]}}],"collection":[{"href":"https:\/\/www.pink-event-service.de\/Mietkatalog\/wp-json\/wp\/v2\/product"}],"about":[{"href":"https:\/\/www.pink-event-service.de\/Mietkatalog\/wp-json\/wp\/v2\/types\/product"}],"wp:featuredmedia":[{"embeddable":true,"href":"https:\/\/www.pink-event-service.de\/Mietkatalog\/wp-json\/wp\/v2\/media\/13551"}],"wp:attachment":[{"href":"https:\/\/www.pink-event-service.de\/Mietkatalog\/wp-json\/wp\/v2\/media?parent=13952"}],"wp:term":[{"taxonomy":"product_brand","embeddable":true,"href":"https:\/\/www.pink-event-service.de\/Mietkatalog\/wp-json\/wp\/v2\/product_brand?post=13952"},{"taxonomy":"product_cat","embeddable":true,"href":"https:\/\/www.pink-event-service.de\/Mietkatalog\/wp-json\/wp\/v2\/product_cat?post=13952"},{"taxonomy":"product_tag","embeddable":true,"href":"https:\/\/www.pink-event-service.de\/Mietkatalog\/wp-json\/wp\/v2\/product_tag?post=13952"}],"curies":[{"name":"wp","href":"https:\/\/api.w.org\/{rel}","templated":true}]}}