{"id":13954,"date":"2017-05-31T16:46:20","date_gmt":"2017-05-31T16:46:20","guid":{"rendered":"http:\/\/produktkatalog.pink-es.de\/produkt\/sennheiser-mk4"},"modified":"2023-04-26T14:32:35","modified_gmt":"2023-04-26T14:32:35","slug":"sennheiser-mk4","status":"publish","type":"product","link":"https:\/\/www.pink-event-service.de\/Mietkatalog\/produkt\/sennheiser-mk4","title":{"rendered":"Sennheiser MK4"},"content":{"rendered":"<p>Das MK 4 ist ein Gro\u00dfmembran-Studiomikrofon in Echtkondensator-Technik f\u00fcr detailreiche, professionelle Studioaufnahmen. Durch die hervorragende Klangqualit\u00e4t, die einfache Handhabung eignet sich das MK 4 auch ideal f\u00fcr Projektstudios und Home Recording.<\/p>\n<div class=\"\">\n<div class=\"definitions__list__description__name layout__item is-1-of-1-palm is-1-of-1-lap-up\">Audio-\u00dcbertragungsbereich: 20 Hz &#8211; 20 kHz<\/div>\n<\/div>\n","protected":false},"excerpt":{"rendered":"<p>Das MK 4 ist ein Gro\u00dfmembran-Studiomikrofon in Echtkondensator-Technik f\u00fcr detailreiche, professionelle Studioaufnahmen. Durch die hervorragende Klangqualit\u00e4t, die einfache Handhabung eignet sich das MK 4 auch ideal f\u00fcr Projektstudios und Home Recording. Audio-\u00dcbertragungsbereich: 20 Hz &#8211; 20 kHz<\/p>\n","protected":false},"featured_media":13554,"template":"","meta":[],"product_brand":[],"product_cat":[294,284],"product_tag":[],"class_list":{"0":"post-13954","1":"product","2":"type-product","3":"status-publish","4":"has-post-thumbnail","6":"product_cat-mikrofonie","7":"product_cat-ton","9":"first","10":"instock","11":"shipping-taxable","12":"purchasable","13":"product-type-simple"},"_links":{"self":[{"href":"https:\/\/www.pink-event-service.de\/Mietkatalog\/wp-json\/wp\/v2\/product\/13954","targetHints":{"allow":["GET"]}}],"collection":[{"href":"https:\/\/www.pink-event-service.de\/Mietkatalog\/wp-json\/wp\/v2\/product"}],"about":[{"href":"https:\/\/www.pink-event-service.de\/Mietkatalog\/wp-json\/wp\/v2\/types\/product"}],"wp:featuredmedia":[{"embeddable":true,"href":"https:\/\/www.pink-event-service.de\/Mietkatalog\/wp-json\/wp\/v2\/media\/13554"}],"wp:attachment":[{"href":"https:\/\/www.pink-event-service.de\/Mietkatalog\/wp-json\/wp\/v2\/media?parent=13954"}],"wp:term":[{"taxonomy":"product_brand","embeddable":true,"href":"https:\/\/www.pink-event-service.de\/Mietkatalog\/wp-json\/wp\/v2\/product_brand?post=13954"},{"taxonomy":"product_cat","embeddable":true,"href":"https:\/\/www.pink-event-service.de\/Mietkatalog\/wp-json\/wp\/v2\/product_cat?post=13954"},{"taxonomy":"product_tag","embeddable":true,"href":"https:\/\/www.pink-event-service.de\/Mietkatalog\/wp-json\/wp\/v2\/product_tag?post=13954"}],"curies":[{"name":"wp","href":"https:\/\/api.w.org\/{rel}","templated":true}]}}