{"id":13956,"date":"2017-05-31T16:46:21","date_gmt":"2017-05-31T16:46:21","guid":{"rendered":"http:\/\/produktkatalog.pink-es.de\/produkt\/sennheiser-tischmikro-me-36"},"modified":"2023-04-27T14:47:39","modified_gmt":"2023-04-27T14:47:39","slug":"sennheiser-tischmikro-me-36","status":"publish","type":"product","link":"https:\/\/www.pink-event-service.de\/Mietkatalog\/produkt\/sennheiser-tischmikro-me-36","title":{"rendered":"Sennheiser Tischmikro ME 36"},"content":{"rendered":"<p>Tischmikrofon<\/p>\n<p>Das Sennheiser ME36 bietet eine sehr gute Unterdr\u00fcckung von Hintergrundger\u00e4uschen und damit eine ausgezeichnete \u00dcbertragungsqualit\u00e4t auch bei gr\u00f6\u00dferem Besprechungsabstand. Es l\u00e4sst sich sehr unauff\u00e4llig und schlicht platzieren. Das ME 36 ist eine sehr flexible Mikrofonl\u00f6sung f\u00fcr unterschiedliche Anwendungen in den Bereichen Pr\u00e4sentation, Konferenz und Studiotechnik.<\/p>\n<p>Frequenzgang: 40 Hz bis 20 kHz<br \/>\nSupernieren-\/Interferenzrichtrohr-Charakteristik<br \/>\nBreiter linearer \u00dcbertragungsbereich<br \/>\nElegantes, schlichtes Design f\u00fcr unauff\u00e4llige Platzierung<\/p>\n","protected":false},"excerpt":{"rendered":"<p>Tischmikrofon Das Sennheiser ME36 bietet eine sehr gute Unterdr\u00fcckung von Hintergrundger\u00e4uschen und damit eine ausgezeichnete \u00dcbertragungsqualit\u00e4t auch bei gr\u00f6\u00dferem Besprechungsabstand. Es l\u00e4sst sich sehr unauff\u00e4llig und schlicht platzieren. Das ME 36 ist eine sehr flexible Mikrofonl\u00f6sung f\u00fcr unterschiedliche Anwendungen in den Bereichen Pr\u00e4sentation, Konferenz und Studiotechnik. Frequenzgang: 40 Hz bis 20 kHz Supernieren-\/Interferenzrichtrohr-Charakteristik Breiter linearer [&hellip;]<\/p>\n","protected":false},"featured_media":13556,"template":"","meta":[],"product_brand":[],"product_cat":[294,284],"product_tag":[],"class_list":{"0":"post-13956","1":"product","2":"type-product","3":"status-publish","4":"has-post-thumbnail","6":"product_cat-mikrofonie","7":"product_cat-ton","9":"first","10":"instock","11":"shipping-taxable","12":"purchasable","13":"product-type-simple"},"_links":{"self":[{"href":"https:\/\/www.pink-event-service.de\/Mietkatalog\/wp-json\/wp\/v2\/product\/13956","targetHints":{"allow":["GET"]}}],"collection":[{"href":"https:\/\/www.pink-event-service.de\/Mietkatalog\/wp-json\/wp\/v2\/product"}],"about":[{"href":"https:\/\/www.pink-event-service.de\/Mietkatalog\/wp-json\/wp\/v2\/types\/product"}],"wp:featuredmedia":[{"embeddable":true,"href":"https:\/\/www.pink-event-service.de\/Mietkatalog\/wp-json\/wp\/v2\/media\/13556"}],"wp:attachment":[{"href":"https:\/\/www.pink-event-service.de\/Mietkatalog\/wp-json\/wp\/v2\/media?parent=13956"}],"wp:term":[{"taxonomy":"product_brand","embeddable":true,"href":"https:\/\/www.pink-event-service.de\/Mietkatalog\/wp-json\/wp\/v2\/product_brand?post=13956"},{"taxonomy":"product_cat","embeddable":true,"href":"https:\/\/www.pink-event-service.de\/Mietkatalog\/wp-json\/wp\/v2\/product_cat?post=13956"},{"taxonomy":"product_tag","embeddable":true,"href":"https:\/\/www.pink-event-service.de\/Mietkatalog\/wp-json\/wp\/v2\/product_tag?post=13956"}],"curies":[{"name":"wp","href":"https:\/\/api.w.org\/{rel}","templated":true}]}}