{"id":13958,"date":"2017-05-31T16:46:22","date_gmt":"2017-05-31T16:46:22","guid":{"rendered":"http:\/\/produktkatalog.pink-es.de\/produkt\/shure-beta-52"},"modified":"2023-04-27T14:44:02","modified_gmt":"2023-04-27T14:44:02","slug":"shure-beta-52","status":"publish","type":"product","link":"https:\/\/www.pink-event-service.de\/Mietkatalog\/produkt\/shure-beta-52","title":{"rendered":"Shure Beta 52"},"content":{"rendered":"<p>Dynamisches Mikrofon<\/p>\n<p>Das Shure Beta 52A ist ein dynamisches Mikrofon mit hoher Ausgangsleistung und einem vorrangig f\u00fcr maximalen Bass Drum Punch und die Abnahme anderer tieffrequenter Instrumente optimierten \u00dcbertragungsbereich.<\/p>\n<p>Es bietet eine sehr gute Ansprache, ausgezeichneten Punch und liefert Studioqualit\u00e4t auch bei maximaler Lautst\u00e4rke. Die Supernierencharakteristik des Beta 52A gew\u00e4hrleistet neben einer hohen R\u00fcckkopplungsfestigkeit eine maximale Isolierung der Schallquelle und verhindert wirkungsvoll Nebenger\u00e4usche.<\/p>\n<p>\u00dcbertragungsbereich: 20 Hz bis 10 kHz<br \/>\nRichtcharakteristik: Superniere<br \/>\nStudioqualit\u00e4t auch bei extremen Schalldruckpegeln<br \/>\nImpedanz: 350 Ohm<\/p>\n","protected":false},"excerpt":{"rendered":"<p>Dynamisches Mikrofon Das Shure Beta 52A ist ein dynamisches Mikrofon mit hoher Ausgangsleistung und einem vorrangig f\u00fcr maximalen Bass Drum Punch und die Abnahme anderer tieffrequenter Instrumente optimierten \u00dcbertragungsbereich. Es bietet eine sehr gute Ansprache, ausgezeichneten Punch und liefert Studioqualit\u00e4t auch bei maximaler Lautst\u00e4rke. Die Supernierencharakteristik des Beta 52A gew\u00e4hrleistet neben einer hohen R\u00fcckkopplungsfestigkeit eine [&hellip;]<\/p>\n","protected":false},"featured_media":13555,"template":"","meta":[],"product_brand":[],"product_cat":[294,284],"product_tag":[],"class_list":{"0":"post-13958","1":"product","2":"type-product","3":"status-publish","4":"has-post-thumbnail","6":"product_cat-mikrofonie","7":"product_cat-ton","9":"first","10":"instock","11":"shipping-taxable","12":"purchasable","13":"product-type-simple"},"_links":{"self":[{"href":"https:\/\/www.pink-event-service.de\/Mietkatalog\/wp-json\/wp\/v2\/product\/13958","targetHints":{"allow":["GET"]}}],"collection":[{"href":"https:\/\/www.pink-event-service.de\/Mietkatalog\/wp-json\/wp\/v2\/product"}],"about":[{"href":"https:\/\/www.pink-event-service.de\/Mietkatalog\/wp-json\/wp\/v2\/types\/product"}],"wp:featuredmedia":[{"embeddable":true,"href":"https:\/\/www.pink-event-service.de\/Mietkatalog\/wp-json\/wp\/v2\/media\/13555"}],"wp:attachment":[{"href":"https:\/\/www.pink-event-service.de\/Mietkatalog\/wp-json\/wp\/v2\/media?parent=13958"}],"wp:term":[{"taxonomy":"product_brand","embeddable":true,"href":"https:\/\/www.pink-event-service.de\/Mietkatalog\/wp-json\/wp\/v2\/product_brand?post=13958"},{"taxonomy":"product_cat","embeddable":true,"href":"https:\/\/www.pink-event-service.de\/Mietkatalog\/wp-json\/wp\/v2\/product_cat?post=13958"},{"taxonomy":"product_tag","embeddable":true,"href":"https:\/\/www.pink-event-service.de\/Mietkatalog\/wp-json\/wp\/v2\/product_tag?post=13958"}],"curies":[{"name":"wp","href":"https:\/\/api.w.org\/{rel}","templated":true}]}}