{"id":13978,"date":"2017-05-31T16:46:29","date_gmt":"2017-05-31T16:46:29","guid":{"rendered":"http:\/\/produktkatalog.pink-es.de\/produkt\/soundback-adjustable-2-0"},"modified":"2017-06-30T15:41:11","modified_gmt":"2017-06-30T15:41:11","slug":"soundback-adjustable-2-0","status":"publish","type":"product","link":"https:\/\/www.pink-event-service.de\/Mietkatalog\/produkt\/soundback-adjustable-2-0","title":{"rendered":"Soundback Adjustable 2.0"},"content":{"rendered":"<p>verstellbare Akustik-Monitorscheibe<\/p>\n<p>    f\u00fcr Bl\u00e4ser-Mikrofone<br \/>\n    stufenlose Einstellung der Monitor-Scheibengr\u00f6\u00dfe m\u00f6glich<br \/>\n    dadurch Ver\u00e4nderung des Verh\u00e4ltnisses von Reflektion und Direktschall bei gleichzeitiger Abschirmung des thomann Originalsounds auf andere Mikrofone<\/p>\n","protected":false},"excerpt":{"rendered":"<p>Mietpreis pro Tag (Folgetag -50%)<\/p>\n","protected":false},"featured_media":13566,"template":"","meta":[],"product_brand":[],"product_cat":[284,294],"product_tag":[],"class_list":{"0":"post-13978","1":"product","2":"type-product","3":"status-publish","4":"has-post-thumbnail","6":"product_cat-ton","7":"product_cat-mikrofonie","9":"first","10":"instock","11":"shipping-taxable","12":"purchasable","13":"product-type-simple"},"_links":{"self":[{"href":"https:\/\/www.pink-event-service.de\/Mietkatalog\/wp-json\/wp\/v2\/product\/13978","targetHints":{"allow":["GET"]}}],"collection":[{"href":"https:\/\/www.pink-event-service.de\/Mietkatalog\/wp-json\/wp\/v2\/product"}],"about":[{"href":"https:\/\/www.pink-event-service.de\/Mietkatalog\/wp-json\/wp\/v2\/types\/product"}],"wp:featuredmedia":[{"embeddable":true,"href":"https:\/\/www.pink-event-service.de\/Mietkatalog\/wp-json\/wp\/v2\/media\/13566"}],"wp:attachment":[{"href":"https:\/\/www.pink-event-service.de\/Mietkatalog\/wp-json\/wp\/v2\/media?parent=13978"}],"wp:term":[{"taxonomy":"product_brand","embeddable":true,"href":"https:\/\/www.pink-event-service.de\/Mietkatalog\/wp-json\/wp\/v2\/product_brand?post=13978"},{"taxonomy":"product_cat","embeddable":true,"href":"https:\/\/www.pink-event-service.de\/Mietkatalog\/wp-json\/wp\/v2\/product_cat?post=13978"},{"taxonomy":"product_tag","embeddable":true,"href":"https:\/\/www.pink-event-service.de\/Mietkatalog\/wp-json\/wp\/v2\/product_tag?post=13978"}],"curies":[{"name":"wp","href":"https:\/\/api.w.org\/{rel}","templated":true}]}}