{"id":14079,"date":"2017-05-31T16:47:05","date_gmt":"2017-05-31T16:47:05","guid":{"rendered":"http:\/\/produktkatalog.pink-es.de\/produkt\/stufenlinse-arri-2kw"},"modified":"2023-08-24T14:39:55","modified_gmt":"2023-08-24T14:39:55","slug":"stufenlinse-arri-2kw","status":"publish","type":"product","link":"https:\/\/www.pink-event-service.de\/Mietkatalog\/produkt\/stufenlinse-arri-2kw","title":{"rendered":"Stufenlinse ARRI 2kW"},"content":{"rendered":"<p>Leistung: 2000 W<br \/>\nFFR-Farbfilterrahmen<br \/>\nSpannung: 220 &#8211; 250 V<br \/>\n250 mm Linsendurchmesser<br \/>\nReflektor: sph\u00e4rischer Spiegel, hochglanz-eloxiert<br \/>\nG-38 Lampensockel<br \/>\nAufnahme: TV-Zapfen &#8211; thomann 28 mm \u00d8<br \/>\nSchutzart: IP-23<br \/>\nZertifizierungen NRTL-US-C, CE, T\u00dcV GS, CB<br \/>\ninkl. 4-Fl\u00fcgeltor<\/p>\n","protected":false},"excerpt":{"rendered":"<p>Leistung: 2000 W FFR-Farbfilterrahmen Spannung: 220 &#8211; 250 V 250 mm Linsendurchmesser Reflektor: sph\u00e4rischer Spiegel, hochglanz-eloxiert G-38 Lampensockel Aufnahme: TV-Zapfen &#8211; thomann 28 mm \u00d8 Schutzart: IP-23 Zertifizierungen NRTL-US-C, CE, T\u00dcV GS, CB inkl. 4-Fl\u00fcgeltor<\/p>\n","protected":false},"featured_media":13318,"template":"","meta":[],"product_brand":[],"product_cat":[298,297],"product_tag":[],"class_list":{"0":"post-14079","1":"product","2":"type-product","3":"status-publish","4":"has-post-thumbnail","6":"product_cat-konventionelle-scheinwerfer","7":"product_cat-licht","9":"first","10":"instock","11":"shipping-taxable","12":"purchasable","13":"product-type-simple"},"_links":{"self":[{"href":"https:\/\/www.pink-event-service.de\/Mietkatalog\/wp-json\/wp\/v2\/product\/14079","targetHints":{"allow":["GET"]}}],"collection":[{"href":"https:\/\/www.pink-event-service.de\/Mietkatalog\/wp-json\/wp\/v2\/product"}],"about":[{"href":"https:\/\/www.pink-event-service.de\/Mietkatalog\/wp-json\/wp\/v2\/types\/product"}],"wp:featuredmedia":[{"embeddable":true,"href":"https:\/\/www.pink-event-service.de\/Mietkatalog\/wp-json\/wp\/v2\/media\/13318"}],"wp:attachment":[{"href":"https:\/\/www.pink-event-service.de\/Mietkatalog\/wp-json\/wp\/v2\/media?parent=14079"}],"wp:term":[{"taxonomy":"product_brand","embeddable":true,"href":"https:\/\/www.pink-event-service.de\/Mietkatalog\/wp-json\/wp\/v2\/product_brand?post=14079"},{"taxonomy":"product_cat","embeddable":true,"href":"https:\/\/www.pink-event-service.de\/Mietkatalog\/wp-json\/wp\/v2\/product_cat?post=14079"},{"taxonomy":"product_tag","embeddable":true,"href":"https:\/\/www.pink-event-service.de\/Mietkatalog\/wp-json\/wp\/v2\/product_tag?post=14079"}],"curies":[{"name":"wp","href":"https:\/\/api.w.org\/{rel}","templated":true}]}}