{"id":14089,"date":"2017-05-31T16:47:08","date_gmt":"2017-05-31T16:47:08","guid":{"rendered":"http:\/\/produktkatalog.pink-es.de\/produkt\/litecraft-led-studio-par-at3"},"modified":"2023-08-24T15:31:36","modified_gmt":"2023-08-24T15:31:36","slug":"litecraft-led-studio-par-at3","status":"publish","type":"product","link":"https:\/\/www.pink-event-service.de\/Mietkatalog\/produkt\/litecraft-led-studio-par-at3","title":{"rendered":"Litecraft LED Studio PAR AT3"},"content":{"rendered":"<p>LED Typ: Tri-LED<br \/>\nLED Anzahl: 18<br \/>\nLeistung pro LED: 3W<br \/>\nFarbmischung: RGB<br \/>\nAbstrahlwinkel in \u00b0: 25<br \/>\nProtokoll: USITT DMX 512<br \/>\nDMX Kan\u00e4le (Modi): 1, 2, 3, 7 (4 Modi)<br \/>\nDimming: 0 &#8211; 100%<br \/>\nInternes Mikrofon: Ja<br \/>\nEinstellung am Ger\u00e4t: \u00fcber Digital Display<br \/>\nGeh\u00e4usematerial: Aluminium<br \/>\nGeh\u00e4usefarbe: Schwarz<br \/>\nNetzspannung in V: 230V AC, 50 Hz<br \/>\nLesitungsaufnahme in W: 69<br \/>\nStromanschluss: verriegelbare Kaltger\u00e4tebuchse<br \/>\nDMX Anschluss: 3-Pol<br \/>\nK\u00fchlung: konvektionsgek\u00fchlt<\/p>\n","protected":false},"excerpt":{"rendered":"<p>LED Typ: Tri-LED LED Anzahl: 18 Leistung pro LED: 3W Farbmischung: RGB Abstrahlwinkel in \u00b0: 25 Protokoll: USITT DMX 512 DMX Kan\u00e4le (Modi): 1, 2, 3, 7 (4 Modi) Dimming: 0 &#8211; 100% Internes Mikrofon: Ja Einstellung am Ger\u00e4t: \u00fcber Digital Display Geh\u00e4usematerial: Aluminium Geh\u00e4usefarbe: Schwarz Netzspannung in V: 230V AC, 50 Hz Lesitungsaufnahme in [&hellip;]<\/p>\n","protected":false},"featured_media":13292,"template":"","meta":[],"product_brand":[],"product_cat":[299,297],"product_tag":[],"class_list":{"0":"post-14089","1":"product","2":"type-product","3":"status-publish","4":"has-post-thumbnail","6":"product_cat-effektlicht","7":"product_cat-licht","9":"first","10":"instock","11":"shipping-taxable","12":"purchasable","13":"product-type-simple"},"_links":{"self":[{"href":"https:\/\/www.pink-event-service.de\/Mietkatalog\/wp-json\/wp\/v2\/product\/14089","targetHints":{"allow":["GET"]}}],"collection":[{"href":"https:\/\/www.pink-event-service.de\/Mietkatalog\/wp-json\/wp\/v2\/product"}],"about":[{"href":"https:\/\/www.pink-event-service.de\/Mietkatalog\/wp-json\/wp\/v2\/types\/product"}],"wp:featuredmedia":[{"embeddable":true,"href":"https:\/\/www.pink-event-service.de\/Mietkatalog\/wp-json\/wp\/v2\/media\/13292"}],"wp:attachment":[{"href":"https:\/\/www.pink-event-service.de\/Mietkatalog\/wp-json\/wp\/v2\/media?parent=14089"}],"wp:term":[{"taxonomy":"product_brand","embeddable":true,"href":"https:\/\/www.pink-event-service.de\/Mietkatalog\/wp-json\/wp\/v2\/product_brand?post=14089"},{"taxonomy":"product_cat","embeddable":true,"href":"https:\/\/www.pink-event-service.de\/Mietkatalog\/wp-json\/wp\/v2\/product_cat?post=14089"},{"taxonomy":"product_tag","embeddable":true,"href":"https:\/\/www.pink-event-service.de\/Mietkatalog\/wp-json\/wp\/v2\/product_tag?post=14089"}],"curies":[{"name":"wp","href":"https:\/\/api.w.org\/{rel}","templated":true}]}}