{"id":14092,"date":"2017-05-31T16:47:09","date_gmt":"2017-05-31T16:47:09","guid":{"rendered":"http:\/\/produktkatalog.pink-es.de\/produkt\/led-stick-fusion-fs-60-rgb1"},"modified":"2023-08-24T15:30:08","modified_gmt":"2023-08-24T15:30:08","slug":"led-stick-fusion-fs-60-rgb1","status":"publish","type":"product","link":"https:\/\/www.pink-event-service.de\/Mietkatalog\/produkt\/led-stick-fusion-fs-60-rgb1","title":{"rendered":"LED Stick Fusion FS-60 RGB\/1"},"content":{"rendered":"<p>Der Fusion FS-60 RGB\/1 ist eine LED Lichtleiste f\u00fcr den professionellen Anwender. Durch seine hervorragenden Leucht -Eigenschaften ist der Fusion in der Lage auch gro\u00dfe bzw. hohe Fl\u00e4chen intensiv und farbsatt zu beleuchten.<\/p>\n<p>Aufgrund h\u00f6chster Anspr\u00fcche unserer Kunden an die Technik, ist der Fusion auf 1500 Hz Pulsweiten moduliert und mit 20 x 3W 3 in 1 High Power LEDs ausgestattet, wodurch selbst Aufnahmen mit High Speed Kameras kein Problem darstellen. Der Fusion ist konvektionsgek\u00fchlt und sichert durch den Wegfall der L\u00fcfter einen ger\u00e4uschlosen Betrieb f\u00fcr den Einsatz im TV oder Theater. Die Farbmischung findet direkt unter jeder einzelnen Linse statt und kann aus 16,7 Millionen Farben insbesondere s\u00e4mtliche Pastellt\u00f6ne sowie kr\u00e4ftige Farbmischungen erzeugen. Jede LED ist mit 3 Kan\u00e4len einzeln oder zusammengefasst als Gruppe ansteuerbar.<\/p>\n<p>Der Fusion ist mit Neutrik XLR und Powercon ausgestattet. Ebenso wurde ein Neutrik Datenanschluss f\u00fcr sichere Softwareupdates integriert. Der Einbau eines bedienerfreundlichen LC Displays, welches sich bequem \u00fcber 4 Tasten und eine intelligente Men\u00fcf\u00fchrung bedienen l\u00e4sst, runden das Gesamtpaket des Fusion perfekt ab.<\/p>\n","protected":false},"excerpt":{"rendered":"<p>Der Fusion FS-60 RGB\/1 ist eine LED Lichtleiste f\u00fcr den professionellen Anwender. Durch seine hervorragenden Leucht -Eigenschaften ist der Fusion in der Lage auch gro\u00dfe bzw. hohe Fl\u00e4chen intensiv und farbsatt zu beleuchten. Aufgrund h\u00f6chster Anspr\u00fcche unserer Kunden an die Technik, ist der Fusion auf 1500 Hz Pulsweiten moduliert und mit 20 x 3W 3 [&hellip;]<\/p>\n","protected":false},"featured_media":13291,"template":"","meta":[],"product_brand":[],"product_cat":[299,297],"product_tag":[],"class_list":{"0":"post-14092","1":"product","2":"type-product","3":"status-publish","4":"has-post-thumbnail","6":"product_cat-effektlicht","7":"product_cat-licht","9":"first","10":"instock","11":"shipping-taxable","12":"purchasable","13":"product-type-simple"},"_links":{"self":[{"href":"https:\/\/www.pink-event-service.de\/Mietkatalog\/wp-json\/wp\/v2\/product\/14092","targetHints":{"allow":["GET"]}}],"collection":[{"href":"https:\/\/www.pink-event-service.de\/Mietkatalog\/wp-json\/wp\/v2\/product"}],"about":[{"href":"https:\/\/www.pink-event-service.de\/Mietkatalog\/wp-json\/wp\/v2\/types\/product"}],"wp:featuredmedia":[{"embeddable":true,"href":"https:\/\/www.pink-event-service.de\/Mietkatalog\/wp-json\/wp\/v2\/media\/13291"}],"wp:attachment":[{"href":"https:\/\/www.pink-event-service.de\/Mietkatalog\/wp-json\/wp\/v2\/media?parent=14092"}],"wp:term":[{"taxonomy":"product_brand","embeddable":true,"href":"https:\/\/www.pink-event-service.de\/Mietkatalog\/wp-json\/wp\/v2\/product_brand?post=14092"},{"taxonomy":"product_cat","embeddable":true,"href":"https:\/\/www.pink-event-service.de\/Mietkatalog\/wp-json\/wp\/v2\/product_cat?post=14092"},{"taxonomy":"product_tag","embeddable":true,"href":"https:\/\/www.pink-event-service.de\/Mietkatalog\/wp-json\/wp\/v2\/product_tag?post=14092"}],"curies":[{"name":"wp","href":"https:\/\/api.w.org\/{rel}","templated":true}]}}