{"id":14104,"date":"2017-05-31T16:47:14","date_gmt":"2017-05-31T16:47:14","guid":{"rendered":"http:\/\/produktkatalog.pink-es.de\/produkt\/led-effekt-d-20-strahleneffekt-hybrid"},"modified":"2023-08-24T15:07:52","modified_gmt":"2023-08-24T15:07:52","slug":"led-effekt-d-20-strahleneffekt-hybrid","status":"publish","type":"product","link":"https:\/\/www.pink-event-service.de\/Mietkatalog\/produkt\/led-effekt-d-20-strahleneffekt-hybrid","title":{"rendered":"Strahleneffekt D-20 Hybrid"},"content":{"rendered":"<p>Hybrideffekt &#8211; LED-Derby und Strobe in einem Ger\u00e4t<br \/>\nBedienbar im Standalone-Modus oder per DMX512-Interface<br \/>\nDMX512-Steuerung \u00fcber jeden handels\u00fcblichen DMX-Controller m\u00f6glich (belegt 2 Kan\u00e4le)<br \/>\nMusiksteuerung \u00fcber eingebautes Mikrofon<br \/>\nMikrofonempfindlichkeit \u00fcber Drehregler einstellbar<br \/>\nKomfortable Adressierung und Einstellung \u00fcber Steuereinheit mit LED-Anzeige und 4 Bedientasten<br \/>\nFunktionen: Auto-Modus, Musiksteuerung, Strobe-Effekt einstellbar \u00fcber DMX, Master\/Slave<br \/>\nAusgestattet mit 4 x 3-W-RGBA-LEDs sowie 36 x SMD-LEDs in Wei\u00df<br \/>\nBequeme Ansteuerung auch per W-LAN mit Ihrem Tablet oder Smartphone und der Eurolite Hybrid App sowie dem USB-DMX-Interface (Artikel 51860120) und der Lichtsteuersoftware FreeStyler (Freeware)<\/p>\n","protected":false},"excerpt":{"rendered":"<p>Hybrideffekt &#8211; LED-Derby und Strobe in einem Ger\u00e4t Bedienbar im Standalone-Modus oder per DMX512-Interface DMX512-Steuerung \u00fcber jeden handels\u00fcblichen DMX-Controller m\u00f6glich (belegt 2 Kan\u00e4le) Musiksteuerung \u00fcber eingebautes Mikrofon Mikrofonempfindlichkeit \u00fcber Drehregler einstellbar Komfortable Adressierung und Einstellung \u00fcber Steuereinheit mit LED-Anzeige und 4 Bedientasten Funktionen: Auto-Modus, Musiksteuerung, Strobe-Effekt einstellbar \u00fcber DMX, Master\/Slave Ausgestattet mit 4 x 3-W-RGBA-LEDs [&hellip;]<\/p>\n","protected":false},"featured_media":13281,"template":"","meta":[],"product_brand":[],"product_cat":[299,331,297],"product_tag":[],"class_list":{"0":"post-14104","1":"product","2":"type-product","3":"status-publish","4":"has-post-thumbnail","6":"product_cat-effektlicht","7":"product_cat-led","8":"product_cat-licht","10":"first","11":"instock","12":"shipping-taxable","13":"purchasable","14":"product-type-simple"},"_links":{"self":[{"href":"https:\/\/www.pink-event-service.de\/Mietkatalog\/wp-json\/wp\/v2\/product\/14104","targetHints":{"allow":["GET"]}}],"collection":[{"href":"https:\/\/www.pink-event-service.de\/Mietkatalog\/wp-json\/wp\/v2\/product"}],"about":[{"href":"https:\/\/www.pink-event-service.de\/Mietkatalog\/wp-json\/wp\/v2\/types\/product"}],"wp:featuredmedia":[{"embeddable":true,"href":"https:\/\/www.pink-event-service.de\/Mietkatalog\/wp-json\/wp\/v2\/media\/13281"}],"wp:attachment":[{"href":"https:\/\/www.pink-event-service.de\/Mietkatalog\/wp-json\/wp\/v2\/media?parent=14104"}],"wp:term":[{"taxonomy":"product_brand","embeddable":true,"href":"https:\/\/www.pink-event-service.de\/Mietkatalog\/wp-json\/wp\/v2\/product_brand?post=14104"},{"taxonomy":"product_cat","embeddable":true,"href":"https:\/\/www.pink-event-service.de\/Mietkatalog\/wp-json\/wp\/v2\/product_cat?post=14104"},{"taxonomy":"product_tag","embeddable":true,"href":"https:\/\/www.pink-event-service.de\/Mietkatalog\/wp-json\/wp\/v2\/product_tag?post=14104"}],"curies":[{"name":"wp","href":"https:\/\/api.w.org\/{rel}","templated":true}]}}