{"id":14113,"date":"2017-05-31T16:47:18","date_gmt":"2017-05-31T16:47:18","guid":{"rendered":"http:\/\/produktkatalog.pink-es.de\/produkt\/robe-robin-100"},"modified":"2023-08-24T10:59:30","modified_gmt":"2023-08-24T10:59:30","slug":"robe-robin-100","status":"publish","type":"product","link":"https:\/\/www.pink-event-service.de\/Mietkatalog\/produkt\/robe-robin-100","title":{"rendered":"Robe Robin 100 LED Beam"},"content":{"rendered":"<p>Beim Robin 100 LEDBeam handelt es sich um ein ultrakompaktes Beamlight, das f\u00fcr die Projektion von spektakul\u00e4ren Beams entwickelt wurde. Dieses Leichtgewicht ist laut ROBE das schnellste Movinglight, was derzeit am Markt erh\u00e4ltlich ist.<\/p>\n<p>Insgesamt zw\u00f6lf RGBW Multichips sorgen in Verbindung mit speziellen sieben Grad Optiken f\u00fcr \u00fcberragende Helligkeit bei jeder Farbe. Aufgrund der Software-Makros ist jede Farbe kompatibel zu allen anderen Ger\u00e4ten innerhalb der Robin LEDWash Familie. Zus\u00e4tzliche Effekte wie stufenlose Wei\u00dft\u00f6ne, drei separat steuerbare LED-Zonen und Stroboskop-Makros bieten einen gro\u00dfen kreativen Spielraum.<\/p>\n","protected":false},"excerpt":{"rendered":"<p>Beim Robin 100 LEDBeam handelt es sich um ein ultrakompaktes Beamlight, das f\u00fcr die Projektion von spektakul\u00e4ren Beams entwickelt wurde. Dieses Leichtgewicht ist laut ROBE das schnellste Movinglight, was derzeit am Markt erh\u00e4ltlich ist. Insgesamt zw\u00f6lf RGBW Multichips sorgen in Verbindung mit speziellen sieben Grad Optiken f\u00fcr \u00fcberragende Helligkeit bei jeder Farbe. Aufgrund der Software-Makros [&hellip;]<\/p>\n","protected":false},"featured_media":13344,"template":"","meta":[],"product_brand":[],"product_cat":[297,324],"product_tag":[],"class_list":{"0":"post-14113","1":"product","2":"type-product","3":"status-publish","4":"has-post-thumbnail","6":"product_cat-licht","7":"product_cat-moving-lights-nebel","9":"first","10":"instock","11":"shipping-taxable","12":"purchasable","13":"product-type-simple"},"_links":{"self":[{"href":"https:\/\/www.pink-event-service.de\/Mietkatalog\/wp-json\/wp\/v2\/product\/14113","targetHints":{"allow":["GET"]}}],"collection":[{"href":"https:\/\/www.pink-event-service.de\/Mietkatalog\/wp-json\/wp\/v2\/product"}],"about":[{"href":"https:\/\/www.pink-event-service.de\/Mietkatalog\/wp-json\/wp\/v2\/types\/product"}],"wp:featuredmedia":[{"embeddable":true,"href":"https:\/\/www.pink-event-service.de\/Mietkatalog\/wp-json\/wp\/v2\/media\/13344"}],"wp:attachment":[{"href":"https:\/\/www.pink-event-service.de\/Mietkatalog\/wp-json\/wp\/v2\/media?parent=14113"}],"wp:term":[{"taxonomy":"product_brand","embeddable":true,"href":"https:\/\/www.pink-event-service.de\/Mietkatalog\/wp-json\/wp\/v2\/product_brand?post=14113"},{"taxonomy":"product_cat","embeddable":true,"href":"https:\/\/www.pink-event-service.de\/Mietkatalog\/wp-json\/wp\/v2\/product_cat?post=14113"},{"taxonomy":"product_tag","embeddable":true,"href":"https:\/\/www.pink-event-service.de\/Mietkatalog\/wp-json\/wp\/v2\/product_tag?post=14113"}],"curies":[{"name":"wp","href":"https:\/\/api.w.org\/{rel}","templated":true}]}}