{"id":14116,"date":"2017-05-31T16:47:19","date_gmt":"2017-05-31T16:47:19","guid":{"rendered":"http:\/\/produktkatalog.pink-es.de\/produkt\/jb-lighting-a7-zoom-led-washlight"},"modified":"2023-08-24T10:46:43","modified_gmt":"2023-08-24T10:46:43","slug":"jb-lighting-a7-zoom-led-washlight","status":"publish","type":"product","link":"https:\/\/www.pink-event-service.de\/Mietkatalog\/produkt\/jb-lighting-a7-zoom-led-washlight","title":{"rendered":"JB Lighting A7 Zoom LED-Washlight"},"content":{"rendered":"<p>Die pr\u00e4mierte Zoomoptik setzt Ma\u00dfst\u00e4be. Echter 3:1 Zoom kombiniert mit einem formsch\u00f6nen Geh\u00e4use, ausgezeichneter Funktionalit\u00e4t und einem integrierten Funkmodul.<\/p>\n","protected":false},"excerpt":{"rendered":"<p>Die pr\u00e4mierte Zoomoptik setzt Ma\u00dfst\u00e4be. Echter 3:1 Zoom kombiniert mit einem formsch\u00f6nen Geh\u00e4use, ausgezeichneter Funktionalit\u00e4t und einem integrierten Funkmodul.<\/p>\n","protected":false},"featured_media":13341,"template":"","meta":[],"product_brand":[],"product_cat":[297,324],"product_tag":[],"class_list":{"0":"post-14116","1":"product","2":"type-product","3":"status-publish","4":"has-post-thumbnail","6":"product_cat-licht","7":"product_cat-moving-lights-nebel","9":"first","10":"instock","11":"shipping-taxable","12":"purchasable","13":"product-type-simple"},"_links":{"self":[{"href":"https:\/\/www.pink-event-service.de\/Mietkatalog\/wp-json\/wp\/v2\/product\/14116","targetHints":{"allow":["GET"]}}],"collection":[{"href":"https:\/\/www.pink-event-service.de\/Mietkatalog\/wp-json\/wp\/v2\/product"}],"about":[{"href":"https:\/\/www.pink-event-service.de\/Mietkatalog\/wp-json\/wp\/v2\/types\/product"}],"wp:featuredmedia":[{"embeddable":true,"href":"https:\/\/www.pink-event-service.de\/Mietkatalog\/wp-json\/wp\/v2\/media\/13341"}],"wp:attachment":[{"href":"https:\/\/www.pink-event-service.de\/Mietkatalog\/wp-json\/wp\/v2\/media?parent=14116"}],"wp:term":[{"taxonomy":"product_brand","embeddable":true,"href":"https:\/\/www.pink-event-service.de\/Mietkatalog\/wp-json\/wp\/v2\/product_brand?post=14116"},{"taxonomy":"product_cat","embeddable":true,"href":"https:\/\/www.pink-event-service.de\/Mietkatalog\/wp-json\/wp\/v2\/product_cat?post=14116"},{"taxonomy":"product_tag","embeddable":true,"href":"https:\/\/www.pink-event-service.de\/Mietkatalog\/wp-json\/wp\/v2\/product_tag?post=14116"}],"curies":[{"name":"wp","href":"https:\/\/api.w.org\/{rel}","templated":true}]}}