{"id":14117,"date":"2017-05-31T16:47:19","date_gmt":"2017-05-31T16:47:19","guid":{"rendered":"http:\/\/produktkatalog.pink-es.de\/produkt\/mdg-atme"},"modified":"2023-08-24T10:57:58","modified_gmt":"2023-08-24T10:57:58","slug":"mdg-atme","status":"publish","type":"product","link":"https:\/\/www.pink-event-service.de\/Mietkatalog\/produkt\/mdg-atme","title":{"rendered":"MDG ATMe"},"content":{"rendered":"<p>Vereint die Vorteile der bew\u00e4hrten Atmosphere-Technik mit moderner Digitaltechnik.<br \/>\nSpeziell darauf abgestimmt, nur feinsten, schier unsichtbaren Nebeldunst zu erzeugen, der feine thomann Lichtstrahlen und ges\u00e4ttigte Farben sichtbar werden l\u00e4sst<br \/>\ngleichzeitig bleibt die Transparenz des B\u00fchnenbildes erhalten.<br \/>\nDurch den niedrigen Fluidverbrauch und den sehr hohen Wirkungsgrad sind die MDG Maschinen f\u00fcr den Dauereinsatz konzipiert und \u00fcberzeugen durch geringe Betriebskosten.<br \/>\n0-100% Aussto\u00df regelbar<br \/>\nDMX-\/ RDM-regelbare Nebelmenge oder manuell am Generator<br \/>\nmanuelle Bedienung \u00fcber 4 Kn\u00f6pfe und LCD thomann am Ger\u00e4t<br \/>\n3-Kanal USITT DMX 512 Betrieb<br \/>\nXLR 5pol.<br \/>\nRDM-f\u00e4hig \u00fcber eingebaute Steuereinheit<br \/>\n100% dauernebelf\u00e4hig<br \/>\nautomatisches Reinigungssystem<br \/>\nextrem leiser Betrieb<\/p>\n","protected":false},"excerpt":{"rendered":"<p>Vereint die Vorteile der bew\u00e4hrten Atmosphere-Technik mit moderner Digitaltechnik. Speziell darauf abgestimmt, nur feinsten, schier unsichtbaren Nebeldunst zu erzeugen, der feine thomann Lichtstrahlen und ges\u00e4ttigte Farben sichtbar werden l\u00e4sst gleichzeitig bleibt die Transparenz des B\u00fchnenbildes erhalten. Durch den niedrigen Fluidverbrauch und den sehr hohen Wirkungsgrad sind die MDG Maschinen f\u00fcr den Dauereinsatz konzipiert und \u00fcberzeugen [&hellip;]<\/p>\n","protected":false},"featured_media":13345,"template":"","meta":[],"product_brand":[],"product_cat":[297,324],"product_tag":[],"class_list":{"0":"post-14117","1":"product","2":"type-product","3":"status-publish","4":"has-post-thumbnail","6":"product_cat-licht","7":"product_cat-moving-lights-nebel","9":"first","10":"instock","11":"shipping-taxable","12":"purchasable","13":"product-type-simple"},"_links":{"self":[{"href":"https:\/\/www.pink-event-service.de\/Mietkatalog\/wp-json\/wp\/v2\/product\/14117","targetHints":{"allow":["GET"]}}],"collection":[{"href":"https:\/\/www.pink-event-service.de\/Mietkatalog\/wp-json\/wp\/v2\/product"}],"about":[{"href":"https:\/\/www.pink-event-service.de\/Mietkatalog\/wp-json\/wp\/v2\/types\/product"}],"wp:featuredmedia":[{"embeddable":true,"href":"https:\/\/www.pink-event-service.de\/Mietkatalog\/wp-json\/wp\/v2\/media\/13345"}],"wp:attachment":[{"href":"https:\/\/www.pink-event-service.de\/Mietkatalog\/wp-json\/wp\/v2\/media?parent=14117"}],"wp:term":[{"taxonomy":"product_brand","embeddable":true,"href":"https:\/\/www.pink-event-service.de\/Mietkatalog\/wp-json\/wp\/v2\/product_brand?post=14117"},{"taxonomy":"product_cat","embeddable":true,"href":"https:\/\/www.pink-event-service.de\/Mietkatalog\/wp-json\/wp\/v2\/product_cat?post=14117"},{"taxonomy":"product_tag","embeddable":true,"href":"https:\/\/www.pink-event-service.de\/Mietkatalog\/wp-json\/wp\/v2\/product_tag?post=14117"}],"curies":[{"name":"wp","href":"https:\/\/api.w.org\/{rel}","templated":true}]}}