{"id":14119,"date":"2017-05-31T16:47:20","date_gmt":"2017-05-31T16:47:20","guid":{"rendered":"http:\/\/produktkatalog.pink-es.de\/produkt\/nebel-hazebase-base-cap"},"modified":"2024-02-13T10:13:28","modified_gmt":"2024-02-13T10:13:28","slug":"nebel-hazebase-base-cap","status":"publish","type":"product","link":"https:\/\/www.pink-event-service.de\/Mietkatalog\/produkt\/nebel-hazebase-base-cap","title":{"rendered":"Nebel Hazebase base *cap*"},"content":{"rendered":"<p>Die Base Cap ist eine 650W Nebelmaschine von Hazebase. In gewohnt professioneller Ausf\u00fchrung etabliert Hazebase mit der Base Cap eine Nebelmaschine, welche sich vor allem durch ihre gro\u00dfe Leistung bei extrem kompakter Bauweise auszeichnet. Das Geh\u00e4use der Hazebase Base Cap hat inklusive des Griffes lediglich ein Ma\u00df von 31,3 x 29 x 21,3 cm. Der Fluidtank kann im Geh\u00e4use versenkt werden. Alle Einstellungen werden \u00fcber das Display und die Tasten auf der R\u00fcckseite der Base Cap vorgenommen. Der Nebelaussto\u00df ist via DMX in 99 Schritten einstellbar. Die Aufheizzeit der Hazebase Base Cap betr\u00e4gt 7 Minuten. Mit einer Aussto\u00dfweite von bis zu 7m ist diese Nebelmaschine f\u00fcr eine Vielzahl von Veranstaltungen attraktiv.<\/p>\n","protected":false},"excerpt":{"rendered":"<p>Die Base Cap ist eine 650W Nebelmaschine von Hazebase. In gewohnt professioneller Ausf\u00fchrung etabliert Hazebase mit der Base Cap eine Nebelmaschine, welche sich vor allem durch ihre gro\u00dfe Leistung bei extrem kompakter Bauweise auszeichnet. Das Geh\u00e4use der Hazebase Base Cap hat inklusive des Griffes lediglich ein Ma\u00df von 31,3 x 29 x 21,3 cm. Der [&hellip;]<\/p>\n","protected":false},"featured_media":13338,"template":"","meta":[],"product_brand":[],"product_cat":[297,324],"product_tag":[],"class_list":{"0":"post-14119","1":"product","2":"type-product","3":"status-publish","4":"has-post-thumbnail","6":"product_cat-licht","7":"product_cat-moving-lights-nebel","9":"first","10":"instock","11":"shipping-taxable","12":"purchasable","13":"product-type-simple"},"_links":{"self":[{"href":"https:\/\/www.pink-event-service.de\/Mietkatalog\/wp-json\/wp\/v2\/product\/14119","targetHints":{"allow":["GET"]}}],"collection":[{"href":"https:\/\/www.pink-event-service.de\/Mietkatalog\/wp-json\/wp\/v2\/product"}],"about":[{"href":"https:\/\/www.pink-event-service.de\/Mietkatalog\/wp-json\/wp\/v2\/types\/product"}],"wp:featuredmedia":[{"embeddable":true,"href":"https:\/\/www.pink-event-service.de\/Mietkatalog\/wp-json\/wp\/v2\/media\/13338"}],"wp:attachment":[{"href":"https:\/\/www.pink-event-service.de\/Mietkatalog\/wp-json\/wp\/v2\/media?parent=14119"}],"wp:term":[{"taxonomy":"product_brand","embeddable":true,"href":"https:\/\/www.pink-event-service.de\/Mietkatalog\/wp-json\/wp\/v2\/product_brand?post=14119"},{"taxonomy":"product_cat","embeddable":true,"href":"https:\/\/www.pink-event-service.de\/Mietkatalog\/wp-json\/wp\/v2\/product_cat?post=14119"},{"taxonomy":"product_tag","embeddable":true,"href":"https:\/\/www.pink-event-service.de\/Mietkatalog\/wp-json\/wp\/v2\/product_tag?post=14119"}],"curies":[{"name":"wp","href":"https:\/\/api.w.org\/{rel}","templated":true}]}}