{"id":14122,"date":"2017-05-31T16:47:21","date_gmt":"2017-05-31T16:47:21","guid":{"rendered":"http:\/\/produktkatalog.pink-es.de\/produkt\/lichtsteuerpult-jb-lighting-licon-cx"},"modified":"2024-02-08T16:47:30","modified_gmt":"2024-02-08T16:47:30","slug":"lichtsteuerpult-jb-lighting-licon-cx","status":"publish","type":"product","link":"https:\/\/www.pink-event-service.de\/Mietkatalog\/produkt\/lichtsteuerpult-jb-lighting-licon-cx","title":{"rendered":"Lichtsteuerpult JB-Lighting Licon CX"},"content":{"rendered":"<p>In Erweiterung einer h\u00f6chst erfolgreichen Reihe an Lichtmischpulten bringt JB-lighting mit dem ein neues Live-Pult auf den Markt. Es ist ausgelegt f\u00fcr 16 Moving-Lights und 48 PAR-Kan\u00e4le. Die Software greift auf die Basis der Licon1 zur\u00fcck, wurde aber in Teilen modifiziert. Das Licon CX verf\u00fcgt u.a. \u00fcber einen Touchscreen zur schnellen und einfachen Programmierung. Neu ist ebenfalls die Speicherung \u00fcber USB-Memory Stick.<\/p>\n","protected":false},"excerpt":{"rendered":"<p>In Erweiterung einer h\u00f6chst erfolgreichen Reihe an Lichtmischpulten bringt JB-lighting mit dem ein neues Live-Pult auf den Markt. Es ist ausgelegt f\u00fcr 16 Moving-Lights und 48 PAR-Kan\u00e4le. Die Software greift auf die Basis der Licon1 zur\u00fcck, wurde aber in Teilen modifiziert. Das Licon CX verf\u00fcgt u.a. \u00fcber einen Touchscreen zur schnellen und einfachen Programmierung. Neu [&hellip;]<\/p>\n","protected":false},"featured_media":13328,"template":"","meta":[],"product_brand":[],"product_cat":[297,301],"product_tag":[],"class_list":{"0":"post-14122","1":"product","2":"type-product","3":"status-publish","4":"has-post-thumbnail","6":"product_cat-licht","7":"product_cat-lichtpulte-dimmer","9":"first","10":"instock","11":"shipping-taxable","12":"purchasable","13":"product-type-simple"},"_links":{"self":[{"href":"https:\/\/www.pink-event-service.de\/Mietkatalog\/wp-json\/wp\/v2\/product\/14122","targetHints":{"allow":["GET"]}}],"collection":[{"href":"https:\/\/www.pink-event-service.de\/Mietkatalog\/wp-json\/wp\/v2\/product"}],"about":[{"href":"https:\/\/www.pink-event-service.de\/Mietkatalog\/wp-json\/wp\/v2\/types\/product"}],"wp:featuredmedia":[{"embeddable":true,"href":"https:\/\/www.pink-event-service.de\/Mietkatalog\/wp-json\/wp\/v2\/media\/13328"}],"wp:attachment":[{"href":"https:\/\/www.pink-event-service.de\/Mietkatalog\/wp-json\/wp\/v2\/media?parent=14122"}],"wp:term":[{"taxonomy":"product_brand","embeddable":true,"href":"https:\/\/www.pink-event-service.de\/Mietkatalog\/wp-json\/wp\/v2\/product_brand?post=14122"},{"taxonomy":"product_cat","embeddable":true,"href":"https:\/\/www.pink-event-service.de\/Mietkatalog\/wp-json\/wp\/v2\/product_cat?post=14122"},{"taxonomy":"product_tag","embeddable":true,"href":"https:\/\/www.pink-event-service.de\/Mietkatalog\/wp-json\/wp\/v2\/product_tag?post=14122"}],"curies":[{"name":"wp","href":"https:\/\/api.w.org\/{rel}","templated":true}]}}