{"id":14126,"date":"2017-05-31T16:47:23","date_gmt":"2017-05-31T16:47:23","guid":{"rendered":"http:\/\/produktkatalog.pink-es.de\/produkt\/dmx-boostersplitter-botex-dd-4"},"modified":"2024-02-08T16:36:38","modified_gmt":"2024-02-08T16:36:38","slug":"dmx-boostersplitter-botex-dd-4","status":"publish","type":"product","link":"https:\/\/www.pink-event-service.de\/Mietkatalog\/produkt\/dmx-boostersplitter-botex-dd-4","title":{"rendered":"DMX &#8211; Booster\/Splitter Botex DD-4"},"content":{"rendered":"<p>4 Weg DMX Verteiler<br \/>\n1 DMX Eingang \/ 4 DMX Ausg\u00e4nge<br \/>\nGalvanische Trennung der Anschl\u00fcsse<br \/>\nEingang\/ Ausg\u00e4nge mit XLR 3pol und 5 pol Jeder Ausgang, mit LED Anzeige, besitzt einen unabh\u00e4ngigen Treiber<br \/>\nEingang und Ausgang mit Stromversorgung und interner 50 mA Sicherung<br \/>\nAnschl\u00fcsse: XLR 3 und 5 pol<\/p>\n","protected":false},"excerpt":{"rendered":"<p>4 Weg DMX Verteiler 1 DMX Eingang \/ 4 DMX Ausg\u00e4nge Galvanische Trennung der Anschl\u00fcsse Eingang\/ Ausg\u00e4nge mit XLR 3pol und 5 pol Jeder Ausgang, mit LED Anzeige, besitzt einen unabh\u00e4ngigen Treiber Eingang und Ausgang mit Stromversorgung und interner 50 mA Sicherung Anschl\u00fcsse: XLR 3 und 5 pol<\/p>\n","protected":false},"featured_media":13329,"template":"","meta":[],"product_brand":[],"product_cat":[297,301],"product_tag":[],"class_list":{"0":"post-14126","1":"product","2":"type-product","3":"status-publish","4":"has-post-thumbnail","6":"product_cat-licht","7":"product_cat-lichtpulte-dimmer","9":"first","10":"instock","11":"shipping-taxable","12":"purchasable","13":"product-type-simple"},"_links":{"self":[{"href":"https:\/\/www.pink-event-service.de\/Mietkatalog\/wp-json\/wp\/v2\/product\/14126","targetHints":{"allow":["GET"]}}],"collection":[{"href":"https:\/\/www.pink-event-service.de\/Mietkatalog\/wp-json\/wp\/v2\/product"}],"about":[{"href":"https:\/\/www.pink-event-service.de\/Mietkatalog\/wp-json\/wp\/v2\/types\/product"}],"wp:featuredmedia":[{"embeddable":true,"href":"https:\/\/www.pink-event-service.de\/Mietkatalog\/wp-json\/wp\/v2\/media\/13329"}],"wp:attachment":[{"href":"https:\/\/www.pink-event-service.de\/Mietkatalog\/wp-json\/wp\/v2\/media?parent=14126"}],"wp:term":[{"taxonomy":"product_brand","embeddable":true,"href":"https:\/\/www.pink-event-service.de\/Mietkatalog\/wp-json\/wp\/v2\/product_brand?post=14126"},{"taxonomy":"product_cat","embeddable":true,"href":"https:\/\/www.pink-event-service.de\/Mietkatalog\/wp-json\/wp\/v2\/product_cat?post=14126"},{"taxonomy":"product_tag","embeddable":true,"href":"https:\/\/www.pink-event-service.de\/Mietkatalog\/wp-json\/wp\/v2\/product_tag?post=14126"}],"curies":[{"name":"wp","href":"https:\/\/api.w.org\/{rel}","templated":true}]}}