{"id":14127,"date":"2017-05-31T16:47:23","date_gmt":"2017-05-31T16:47:23","guid":{"rendered":"http:\/\/produktkatalog.pink-es.de\/produkt\/ma-12x23kw-digital"},"modified":"2024-02-08T16:38:48","modified_gmt":"2024-02-08T16:38:48","slug":"ma-12x23kw-digital","status":"publish","type":"product","link":"https:\/\/www.pink-event-service.de\/Mietkatalog\/produkt\/ma-12x23kw-digital","title":{"rendered":"MA 12&#215;2,3kW Digital"},"content":{"rendered":"<p>Mit ihren Digital-Dimmern Touring hat MA Lighting fast schon Dimmer-Geschichte geschrieben &#8211; nicht zuletzt durch die sprichw\u00f6rtliche Zuverl\u00e4ssigkeit dieser &#8222;flei\u00dfigen Arbeitspferde&#8220;. Gesteuert \u00fcber Hochleistungsrechner mit &#8222;Time-Processing-Unit\u0093 bieten diese Dimmer nicht nur eine digitale Einstellung des Z\u00fcndzeitpunktes beim Phasenanschnitt, sondern speichern auch alle Einstellungsdaten und Cue-Memories im nichtfl\u00fcchtigen EPROM.<\/p>\n","protected":false},"excerpt":{"rendered":"<p>Mit ihren Digital-Dimmern Touring hat MA Lighting fast schon Dimmer-Geschichte geschrieben &#8211; nicht zuletzt durch die sprichw\u00f6rtliche Zuverl\u00e4ssigkeit dieser &#8222;flei\u00dfigen Arbeitspferde&#8220;. Gesteuert \u00fcber Hochleistungsrechner mit &#8222;Time-Processing-Unit\u0093 bieten diese Dimmer nicht nur eine digitale Einstellung des Z\u00fcndzeitpunktes beim Phasenanschnitt, sondern speichern auch alle Einstellungsdaten und Cue-Memories im nichtfl\u00fcchtigen EPROM.<\/p>\n","protected":false},"featured_media":13330,"template":"","meta":[],"product_brand":[],"product_cat":[297,301],"product_tag":[],"class_list":{"0":"post-14127","1":"product","2":"type-product","3":"status-publish","4":"has-post-thumbnail","6":"product_cat-licht","7":"product_cat-lichtpulte-dimmer","9":"first","10":"instock","11":"shipping-taxable","12":"purchasable","13":"product-type-simple"},"_links":{"self":[{"href":"https:\/\/www.pink-event-service.de\/Mietkatalog\/wp-json\/wp\/v2\/product\/14127","targetHints":{"allow":["GET"]}}],"collection":[{"href":"https:\/\/www.pink-event-service.de\/Mietkatalog\/wp-json\/wp\/v2\/product"}],"about":[{"href":"https:\/\/www.pink-event-service.de\/Mietkatalog\/wp-json\/wp\/v2\/types\/product"}],"wp:featuredmedia":[{"embeddable":true,"href":"https:\/\/www.pink-event-service.de\/Mietkatalog\/wp-json\/wp\/v2\/media\/13330"}],"wp:attachment":[{"href":"https:\/\/www.pink-event-service.de\/Mietkatalog\/wp-json\/wp\/v2\/media?parent=14127"}],"wp:term":[{"taxonomy":"product_brand","embeddable":true,"href":"https:\/\/www.pink-event-service.de\/Mietkatalog\/wp-json\/wp\/v2\/product_brand?post=14127"},{"taxonomy":"product_cat","embeddable":true,"href":"https:\/\/www.pink-event-service.de\/Mietkatalog\/wp-json\/wp\/v2\/product_cat?post=14127"},{"taxonomy":"product_tag","embeddable":true,"href":"https:\/\/www.pink-event-service.de\/Mietkatalog\/wp-json\/wp\/v2\/product_tag?post=14127"}],"curies":[{"name":"wp","href":"https:\/\/api.w.org\/{rel}","templated":true}]}}