{"id":14205,"date":"2017-05-31T16:47:52","date_gmt":"2017-05-31T16:47:52","guid":{"rendered":"http:\/\/produktkatalog.pink-es.de\/produkt\/panasonic-pt-dz110xe-10-600-ansi"},"modified":"2023-08-03T12:16:58","modified_gmt":"2023-08-03T12:16:58","slug":"panasonic-pt-dz110xe-10-600-ansi","status":"publish","type":"product","link":"https:\/\/www.pink-event-service.de\/Mietkatalog\/produkt\/panasonic-pt-dz110xe-10-600-ansi","title":{"rendered":"Panasonic PT-DZ110XE 10.600 ANSI"},"content":{"rendered":"<p>Der 3-Chip DLP-Projektor PT-DZ110XE geh\u00f6rt zur Serie der kompaktesten und leichtesten Projektoren in der Kategorie Event-Projektoren f\u00fcr Veranstaltungen jeder Art.<\/p>\n<p>Der Panasonic PT-DZ110XE liefert mit seinen 10.600 ANSI-Lumen ein helles und hochaufl\u00f6sendes Bild. Durch die geometrische Bildkorrektur sind auch Projektionen auf gew\u00f6lbten Fl\u00e4chen zu realisieren.<br \/>\nDurch die gro\u00dfe Auswahl an Wechselobjektiven ist der Projektor auf verschiedene Distanzen flexibel einsetzbar.<\/p>\n<p>Panasonic DZ-110XE im \u00dcberlick:<\/p>\n<p>&#8211; 3 Chip DLP-Projektor<br \/>\n&#8211; 10.600 ANSI-Lumen<br \/>\n&#8211; Kontrast 10.000 : 1<br \/>\n&#8211; Aufl\u00f6sung WUXGA 1920 x 1200<br \/>\n&#8211; HDMI, SDI, DVI, VGA Inputs<br \/>\n&#8211; 25kg Gewicht<br \/>\n&#8211; (BxHxT) 530 x 200 x 549mm<\/p>\n<p>-Ein Objektiv nach Wahl und Flugrahmen sind im Angebot enthalten-<br \/>\n(Objektive und Bildw\u00e4nde im Anhang)<\/p>\n<p>Wir freuen uns auf Ihre Anfrage und beraten Sie gerne zu unseren Produkten und Leistungen.<\/p>\n","protected":false},"excerpt":{"rendered":"<p>Der 3-Chip DLP-Projektor PT-DZ110XE geh\u00f6rt zur Serie der kompaktesten und leichtesten Projektoren in der Kategorie Event-Projektoren f\u00fcr Veranstaltungen jeder Art. Der Panasonic PT-DZ110XE liefert mit seinen 10.600 ANSI-Lumen ein helles und hochaufl\u00f6sendes Bild. Durch die geometrische Bildkorrektur sind auch Projektionen auf gew\u00f6lbten Fl\u00e4chen zu realisieren. Durch die gro\u00dfe Auswahl an Wechselobjektiven ist der Projektor auf [&hellip;]<\/p>\n","protected":false},"featured_media":14323,"template":"","meta":[],"product_brand":[],"product_cat":[309,308],"product_tag":[],"class_list":{"0":"post-14205","1":"product","2":"type-product","3":"status-publish","4":"has-post-thumbnail","6":"product_cat-projektoren","7":"product_cat-video","9":"first","10":"instock","11":"shipping-taxable","12":"purchasable","13":"product-type-simple"},"_links":{"self":[{"href":"https:\/\/www.pink-event-service.de\/Mietkatalog\/wp-json\/wp\/v2\/product\/14205","targetHints":{"allow":["GET"]}}],"collection":[{"href":"https:\/\/www.pink-event-service.de\/Mietkatalog\/wp-json\/wp\/v2\/product"}],"about":[{"href":"https:\/\/www.pink-event-service.de\/Mietkatalog\/wp-json\/wp\/v2\/types\/product"}],"wp:featuredmedia":[{"embeddable":true,"href":"https:\/\/www.pink-event-service.de\/Mietkatalog\/wp-json\/wp\/v2\/media\/14323"}],"wp:attachment":[{"href":"https:\/\/www.pink-event-service.de\/Mietkatalog\/wp-json\/wp\/v2\/media?parent=14205"}],"wp:term":[{"taxonomy":"product_brand","embeddable":true,"href":"https:\/\/www.pink-event-service.de\/Mietkatalog\/wp-json\/wp\/v2\/product_brand?post=14205"},{"taxonomy":"product_cat","embeddable":true,"href":"https:\/\/www.pink-event-service.de\/Mietkatalog\/wp-json\/wp\/v2\/product_cat?post=14205"},{"taxonomy":"product_tag","embeddable":true,"href":"https:\/\/www.pink-event-service.de\/Mietkatalog\/wp-json\/wp\/v2\/product_tag?post=14205"}],"curies":[{"name":"wp","href":"https:\/\/api.w.org\/{rel}","templated":true}]}}